{"id":172494,"date":"2020-07-30T21:55:06","date_gmt":"2020-07-30T18:55:06","guid":{"rendered":"https:\/\/fendaf.ee\/?post_type=product&#038;p=172494"},"modified":"2026-04-09T19:00:45","modified_gmt":"2026-04-09T16:00:45","slug":"wp-arthro-elastina-pulber-600g","status":"publish","type":"product","link":"https:\/\/fendaf.ee\/en\/product\/wp-arthro-elastina-pulber-600g\/","title":{"rendered":"WP Arthro Elastina pulber, 600g"},"content":{"rendered":"<p><strong>Toidulisand koertele<\/strong><\/p>\n<p>Pakendi suurus: 600g<\/p>\n<p>WINNER PLUS Arthro Elastina pulber toetab lihaste, k\u00f5\u00f5luste, sidemete ja liigeste arengut, kasvu ning parendamist. See on optimaalne toidulisand toetamaks kas oma kutsika arengut, aktiivset, tiinet v\u00f5i imetavat koera kui ka koeri, kes kannatavad puusa d\u00fcsplaasia, p\u00f5lve, k\u00fc\u00fcnarliigese v\u00f5i liigese probleemide k\u00e4es.<\/p>\n<p>Sobib samuti ka artriidi ja k\u00f5\u00f5lusep\u00f5letiku korral (nii l\u00fchiajaline kui krooniline). Sisalduv kondroitiinsulfaat on k\u00f5ige olulisem gl\u00fckosaminogl\u00fckaan, mis toetab liigesek\u00f5hre arengut ning vastutab tervete sidemete ja luude eest. Samuti kasutatav l\u00fclisamba artroosi algetapis.<\/p>\n<p>WINNER PLUS Arthro Elastina pulber on rikas gl\u00fckosaminogl\u00fckaani, E-vitamiini ja seleeni poolest.<\/p>\n<p>\u2022 Naturaalne tugi k\u00f5\u00f5lustele ja liigestele<br \/>\n\u2022 Sobib kasvavatele koertele, f\u00fc\u00fcsilise koormuse korral ning samuti tiinuse ja imetamise ajal<\/p>\n<p><strong>PARIM ENNE: 07\/2027<\/strong><\/p>\n","protected":false},"excerpt":{"rendered":"<p>Naturaalne tugi k\u00f5\u00f5lustele ja liigestele<\/p>\n","protected":false},"featured_media":186012,"comment_status":"open","ping_status":"closed","template":"","meta":{"_acf_changed":false},"product_brand":[],"product_cat":[426,428],"product_tag":[],"class_list":{"0":"post-172494","1":"product","2":"type-product","3":"status-publish","4":"has-post-thumbnail","6":"product_cat-complementary-feed","7":"product_cat-for-dogs","9":"first","10":"instock","11":"taxable","12":"shipping-taxable","13":"purchasable","14":"product-type-simple"},"acf":[],"yoast_head":"<!-- This site is optimized with the Yoast SEO plugin v27.0 - https:\/\/yoast.com\/product\/yoast-seo-wordpress\/ -->\n<title>WP Arthro Elastina pulber, 600g - FendaF - thinking of your pet!<\/title>\n<meta name=\"robots\" content=\"index, follow, max-snippet:-1, max-image-preview:large, max-video-preview:-1\" \/>\n<link rel=\"canonical\" href=\"https:\/\/fendaf.ee\/en\/product\/wp-arthro-elastina-pulber-600g\/\" \/>\n<meta property=\"og:locale\" content=\"en_US\" \/>\n<meta property=\"og:type\" content=\"article\" \/>\n<meta property=\"og:title\" content=\"WP Arthro Elastina pulber, 600g - FendaF - thinking of your pet!\" \/>\n<meta property=\"og:description\" content=\"Naturaalne tugi k\u00f5\u00f5lustele ja liigestele\" \/>\n<meta property=\"og:url\" content=\"https:\/\/fendaf.ee\/en\/product\/wp-arthro-elastina-pulber-600g\/\" \/>\n<meta property=\"og:site_name\" content=\"FendaF - thinking of your pet!\" \/>\n<meta property=\"article:publisher\" content=\"https:\/\/www.facebook.com\/fendafmaius\/\" \/>\n<meta property=\"article:modified_time\" content=\"2026-04-09T16:00:45+00:00\" \/>\n<meta property=\"og:image\" content=\"https:\/\/fendaf.ee\/wp-content\/uploads\/2020\/07\/arthro-elastina-600g.jpg\" \/>\n\t<meta property=\"og:image:width\" content=\"1500\" \/>\n\t<meta property=\"og:image:height\" content=\"1500\" \/>\n\t<meta property=\"og:image:type\" content=\"image\/jpeg\" \/>\n<meta name=\"twitter:card\" content=\"summary_large_image\" \/>\n<meta name=\"twitter:label1\" content=\"Est. reading time\" \/>\n\t<meta name=\"twitter:data1\" content=\"1 minute\" \/>\n<script type=\"application\/ld+json\" class=\"yoast-schema-graph\">{\"@context\":\"https:\/\/schema.org\",\"@graph\":[{\"@type\":[\"WebPage\",\"ItemPage\"],\"@id\":\"https:\/\/fendaf.ee\/en\/product\/wp-arthro-elastina-pulber-600g\/\",\"url\":\"https:\/\/fendaf.ee\/en\/product\/wp-arthro-elastina-pulber-600g\/\",\"name\":\"WP Arthro Elastina pulber, 600g - FendaF - thinking of your pet!\",\"isPartOf\":{\"@id\":\"https:\/\/fendaf.ee\/en\/#website\"},\"primaryImageOfPage\":{\"@id\":\"https:\/\/fendaf.ee\/en\/product\/wp-arthro-elastina-pulber-600g\/#primaryimage\"},\"image\":{\"@id\":\"https:\/\/fendaf.ee\/en\/product\/wp-arthro-elastina-pulber-600g\/#primaryimage\"},\"thumbnailUrl\":\"https:\/\/fendaf.ee\/wp-content\/uploads\/2020\/07\/arthro-elastina-600g.jpg\",\"datePublished\":\"2020-07-30T18:55:06+00:00\",\"dateModified\":\"2026-04-09T16:00:45+00:00\",\"breadcrumb\":{\"@id\":\"https:\/\/fendaf.ee\/en\/product\/wp-arthro-elastina-pulber-600g\/#breadcrumb\"},\"inLanguage\":\"en-US\",\"potentialAction\":[{\"@type\":\"ReadAction\",\"target\":[\"https:\/\/fendaf.ee\/en\/product\/wp-arthro-elastina-pulber-600g\/\"]}]},{\"@type\":\"ImageObject\",\"inLanguage\":\"en-US\",\"@id\":\"https:\/\/fendaf.ee\/en\/product\/wp-arthro-elastina-pulber-600g\/#primaryimage\",\"url\":\"https:\/\/fendaf.ee\/wp-content\/uploads\/2020\/07\/arthro-elastina-600g.jpg\",\"contentUrl\":\"https:\/\/fendaf.ee\/wp-content\/uploads\/2020\/07\/arthro-elastina-600g.jpg\",\"width\":1500,\"height\":1500,\"caption\":\"arthro elastina 600g\"},{\"@type\":\"BreadcrumbList\",\"@id\":\"https:\/\/fendaf.ee\/en\/product\/wp-arthro-elastina-pulber-600g\/#breadcrumb\",\"itemListElement\":[{\"@type\":\"ListItem\",\"position\":1,\"name\":\"Home\",\"item\":\"https:\/\/fendaf.ee\/en\/\"},{\"@type\":\"ListItem\",\"position\":2,\"name\":\"Shop\",\"item\":\"https:\/\/fendaf.ee\/en\/shop\/\"},{\"@type\":\"ListItem\",\"position\":3,\"name\":\"WP Arthro Elastina pulber, 600g\"}]},{\"@type\":\"WebSite\",\"@id\":\"https:\/\/fendaf.ee\/en\/#website\",\"url\":\"https:\/\/fendaf.ee\/en\/\",\"name\":\"FendaF - thinking of your pet!\",\"description\":\"Maiused ja toit - paku oma lemmikule t\u00fckike luksust!\",\"publisher\":{\"@id\":\"https:\/\/fendaf.ee\/en\/#organization\"},\"potentialAction\":[{\"@type\":\"SearchAction\",\"target\":{\"@type\":\"EntryPoint\",\"urlTemplate\":\"https:\/\/fendaf.ee\/en\/?s={search_term_string}\"},\"query-input\":{\"@type\":\"PropertyValueSpecification\",\"valueRequired\":true,\"valueName\":\"search_term_string\"}}],\"inLanguage\":\"en-US\"},{\"@type\":\"Organization\",\"@id\":\"https:\/\/fendaf.ee\/en\/#organization\",\"name\":\"FendaF O\u00dc\",\"url\":\"https:\/\/fendaf.ee\/en\/\",\"logo\":{\"@type\":\"ImageObject\",\"inLanguage\":\"en-US\",\"@id\":\"https:\/\/fendaf.ee\/en\/#\/schema\/logo\/image\/\",\"url\":\"https:\/\/fendaf.ee\/wp-content\/uploads\/2020\/03\/Fendaf_logo_taustata.png\",\"contentUrl\":\"https:\/\/fendaf.ee\/wp-content\/uploads\/2020\/03\/Fendaf_logo_taustata.png\",\"width\":7262,\"height\":4799,\"caption\":\"FendaF O\u00dc\"},\"image\":{\"@id\":\"https:\/\/fendaf.ee\/en\/#\/schema\/logo\/image\/\"},\"sameAs\":[\"https:\/\/www.facebook.com\/fendafmaius\/\",\"https:\/\/www.instagram.com\/fendaf.ee\/\",\"https:\/\/www.pinterest.com\/3a00893ff1d6c42bef9ee783f17b79\/\"]}]}<\/script>\n<!-- \/ Yoast SEO plugin. -->","yoast_head_json":{"title":"WP Arthro Elastina pulber, 600g - FendaF - thinking of your pet!","robots":{"index":"index","follow":"follow","max-snippet":"max-snippet:-1","max-image-preview":"max-image-preview:large","max-video-preview":"max-video-preview:-1"},"canonical":"https:\/\/fendaf.ee\/en\/product\/wp-arthro-elastina-pulber-600g\/","og_locale":"en_US","og_type":"article","og_title":"WP Arthro Elastina pulber, 600g - FendaF - thinking of your pet!","og_description":"Naturaalne tugi k\u00f5\u00f5lustele ja liigestele","og_url":"https:\/\/fendaf.ee\/en\/product\/wp-arthro-elastina-pulber-600g\/","og_site_name":"FendaF - thinking of your pet!","article_publisher":"https:\/\/www.facebook.com\/fendafmaius\/","article_modified_time":"2026-04-09T16:00:45+00:00","og_image":[{"width":1500,"height":1500,"url":"https:\/\/fendaf.ee\/wp-content\/uploads\/2020\/07\/arthro-elastina-600g.jpg","type":"image\/jpeg"}],"twitter_card":"summary_large_image","twitter_misc":{"Est. reading time":"1 minute"},"schema":{"@context":"https:\/\/schema.org","@graph":[{"@type":["WebPage","ItemPage"],"@id":"https:\/\/fendaf.ee\/en\/product\/wp-arthro-elastina-pulber-600g\/","url":"https:\/\/fendaf.ee\/en\/product\/wp-arthro-elastina-pulber-600g\/","name":"WP Arthro Elastina pulber, 600g - FendaF - thinking of your pet!","isPartOf":{"@id":"https:\/\/fendaf.ee\/en\/#website"},"primaryImageOfPage":{"@id":"https:\/\/fendaf.ee\/en\/product\/wp-arthro-elastina-pulber-600g\/#primaryimage"},"image":{"@id":"https:\/\/fendaf.ee\/en\/product\/wp-arthro-elastina-pulber-600g\/#primaryimage"},"thumbnailUrl":"https:\/\/fendaf.ee\/wp-content\/uploads\/2020\/07\/arthro-elastina-600g.jpg","datePublished":"2020-07-30T18:55:06+00:00","dateModified":"2026-04-09T16:00:45+00:00","breadcrumb":{"@id":"https:\/\/fendaf.ee\/en\/product\/wp-arthro-elastina-pulber-600g\/#breadcrumb"},"inLanguage":"en-US","potentialAction":[{"@type":"ReadAction","target":["https:\/\/fendaf.ee\/en\/product\/wp-arthro-elastina-pulber-600g\/"]}]},{"@type":"ImageObject","inLanguage":"en-US","@id":"https:\/\/fendaf.ee\/en\/product\/wp-arthro-elastina-pulber-600g\/#primaryimage","url":"https:\/\/fendaf.ee\/wp-content\/uploads\/2020\/07\/arthro-elastina-600g.jpg","contentUrl":"https:\/\/fendaf.ee\/wp-content\/uploads\/2020\/07\/arthro-elastina-600g.jpg","width":1500,"height":1500,"caption":"arthro elastina 600g"},{"@type":"BreadcrumbList","@id":"https:\/\/fendaf.ee\/en\/product\/wp-arthro-elastina-pulber-600g\/#breadcrumb","itemListElement":[{"@type":"ListItem","position":1,"name":"Home","item":"https:\/\/fendaf.ee\/en\/"},{"@type":"ListItem","position":2,"name":"Shop","item":"https:\/\/fendaf.ee\/en\/shop\/"},{"@type":"ListItem","position":3,"name":"WP Arthro Elastina pulber, 600g"}]},{"@type":"WebSite","@id":"https:\/\/fendaf.ee\/en\/#website","url":"https:\/\/fendaf.ee\/en\/","name":"FendaF - thinking of your pet!","description":"Maiused ja toit - paku oma lemmikule t\u00fckike luksust!","publisher":{"@id":"https:\/\/fendaf.ee\/en\/#organization"},"potentialAction":[{"@type":"SearchAction","target":{"@type":"EntryPoint","urlTemplate":"https:\/\/fendaf.ee\/en\/?s={search_term_string}"},"query-input":{"@type":"PropertyValueSpecification","valueRequired":true,"valueName":"search_term_string"}}],"inLanguage":"en-US"},{"@type":"Organization","@id":"https:\/\/fendaf.ee\/en\/#organization","name":"FendaF O\u00dc","url":"https:\/\/fendaf.ee\/en\/","logo":{"@type":"ImageObject","inLanguage":"en-US","@id":"https:\/\/fendaf.ee\/en\/#\/schema\/logo\/image\/","url":"https:\/\/fendaf.ee\/wp-content\/uploads\/2020\/03\/Fendaf_logo_taustata.png","contentUrl":"https:\/\/fendaf.ee\/wp-content\/uploads\/2020\/03\/Fendaf_logo_taustata.png","width":7262,"height":4799,"caption":"FendaF O\u00dc"},"image":{"@id":"https:\/\/fendaf.ee\/en\/#\/schema\/logo\/image\/"},"sameAs":["https:\/\/www.facebook.com\/fendafmaius\/","https:\/\/www.instagram.com\/fendaf.ee\/","https:\/\/www.pinterest.com\/3a00893ff1d6c42bef9ee783f17b79\/"]}]}},"jetpack_sharing_enabled":true,"_links":{"self":[{"href":"https:\/\/fendaf.ee\/en\/wp-json\/wp\/v2\/product\/172494","targetHints":{"allow":["GET"]}}],"collection":[{"href":"https:\/\/fendaf.ee\/en\/wp-json\/wp\/v2\/product"}],"about":[{"href":"https:\/\/fendaf.ee\/en\/wp-json\/wp\/v2\/types\/product"}],"replies":[{"embeddable":true,"href":"https:\/\/fendaf.ee\/en\/wp-json\/wp\/v2\/comments?post=172494"}],"wp:featuredmedia":[{"embeddable":true,"href":"https:\/\/fendaf.ee\/en\/wp-json\/wp\/v2\/media\/186012"}],"wp:attachment":[{"href":"https:\/\/fendaf.ee\/en\/wp-json\/wp\/v2\/media?parent=172494"}],"wp:term":[{"taxonomy":"product_brand","embeddable":true,"href":"https:\/\/fendaf.ee\/en\/wp-json\/wp\/v2\/product_brand?post=172494"},{"taxonomy":"product_cat","embeddable":true,"href":"https:\/\/fendaf.ee\/en\/wp-json\/wp\/v2\/product_cat?post=172494"},{"taxonomy":"product_tag","embeddable":true,"href":"https:\/\/fendaf.ee\/en\/wp-json\/wp\/v2\/product_tag?post=172494"}],"curies":[{"name":"wp","href":"https:\/\/api.w.org\/{rel}","templated":true}]}}