{"id":175010,"date":"2021-05-01T22:22:47","date_gmt":"2021-05-01T19:22:47","guid":{"rendered":"https:\/\/fendaf.ee\/?post_type=product&#038;p=175010"},"modified":"2026-04-09T18:00:51","modified_gmt":"2026-04-09T15:00:51","slug":"sea-nahatukid-300g","status":"publish","type":"product","link":"https:\/\/fendaf.ee\/en\/product\/sea-nahatukid-300g\/","title":{"rendered":"Sea nahat\u00fckid &#8211; 300g"},"content":{"rendered":"<p>Sea nahat\u00fckid on ca 15 cm pikad ning ca 6-7 cm laiad. M\u00f5nus ajaviite n\u00e4rimine nii v\u00e4iksemale kui ka suuremale koerale, kes armastab sea tooteid. Kindlasti arvesta sellega, et siga on \u00fcpris k\u00f5rge rasvasisaldusega.<\/p>\n<p>Toorproteiin 37,2%; Toor\u00f5li ja -rasv 54,4%; Toortuhk 0,93%; Toorkiud 0,8%; Niiskus 4,1%<\/p>\n<p>Ei ole lisatud v\u00e4rvi-, l\u00f5hna- ega s\u00e4ilitusaineid.<\/p>\n<p>Tarvitamise soovitus: Anna vahepalaks v\u00f5i preemiaks oma lemmiku toidukordade vahele. Avatud pakendit hoia kuivas ja jahedas. Puhas joogivesi hoia lemmikule saadaval! Arvesta maiuste andmisel oma koera s\u00f6\u00f6misharjumustega.<\/p>\n<p>Tooted pakendame reeglina rasva h\u00fclgavasse paberisse. Kui soovid toodet saada pappkarbis, siis tee valik toote juures. Pappkarp on keskkonnas\u00f5bralik ja taaskasutatav. Pakend hoiab kinni toote l\u00f5hna ning seda on mugav hoiustada.<\/p>\n<p>Toodetud Euroopa Liidus.<\/p>\n","protected":false},"excerpt":{"rendered":"<p>Sea nahat\u00fckid on ca 15 cm pikad ning ca 6-7 cm laiad. M\u00f5nus ajaviite n\u00e4rimine nii v\u00e4iksemale kui ka suuremale koerale, kes armastab sea tooteid. Kindlasti arvesta sellega, et siga on \u00fcpris k\u00f5rge rasvasisaldusega. Toorproteiin 37,2%; Toor\u00f5li ja -rasv 54,4%; Toortuhk 0,93%; Toorkiud 0,8%; Niiskus 4,1% Ei ole lisatud v\u00e4rvi-, l\u00f5hna- ega s\u00e4ilitusaineid. Tarvitamise soovitus: [&hellip;]<\/p>\n","protected":false},"featured_media":175011,"comment_status":"open","ping_status":"closed","template":"","meta":{"_acf_changed":false},"product_brand":[],"product_cat":[576,574,304,117],"product_tag":[],"class_list":{"0":"post-175010","1":"product","2":"type-product","3":"status-publish","4":"has-post-thumbnail","6":"product_cat-liha_liigid","7":"product_cat-narimiseks","8":"product_cat-maiused","9":"product_cat-siga","11":"first","12":"instock","13":"taxable","14":"shipping-taxable","15":"purchasable","16":"product-type-simple"},"acf":[],"yoast_head":"<!-- This site is optimized with the Yoast SEO plugin v27.0 - https:\/\/yoast.com\/product\/yoast-seo-wordpress\/ -->\n<title>Sea nahat\u00fckid - 300g - FendaF - thinking of your pet!<\/title>\n<meta name=\"robots\" content=\"index, follow, max-snippet:-1, max-image-preview:large, max-video-preview:-1\" \/>\n<link rel=\"canonical\" href=\"https:\/\/fendaf.ee\/en\/product\/sea-nahatukid-300g\/\" \/>\n<meta property=\"og:locale\" content=\"en_US\" \/>\n<meta property=\"og:type\" content=\"article\" \/>\n<meta property=\"og:title\" content=\"Sea nahat\u00fckid - 300g - FendaF - thinking of your pet!\" \/>\n<meta property=\"og:description\" content=\"Sea nahat\u00fckid on ca 15 cm pikad ning ca 6-7 cm laiad. M\u00f5nus ajaviite n\u00e4rimine nii v\u00e4iksemale kui ka suuremale koerale, kes armastab sea tooteid. Kindlasti arvesta sellega, et siga on \u00fcpris k\u00f5rge rasvasisaldusega. Toorproteiin 37,2%; Toor\u00f5li ja -rasv 54,4%; Toortuhk 0,93%; Toorkiud 0,8%; Niiskus 4,1% Ei ole lisatud v\u00e4rvi-, l\u00f5hna- ega s\u00e4ilitusaineid. Tarvitamise soovitus: [&hellip;]\" \/>\n<meta property=\"og:url\" content=\"https:\/\/fendaf.ee\/en\/product\/sea-nahatukid-300g\/\" \/>\n<meta property=\"og:site_name\" content=\"FendaF - thinking of your pet!\" \/>\n<meta property=\"article:publisher\" content=\"https:\/\/www.facebook.com\/fendafmaius\/\" \/>\n<meta property=\"article:modified_time\" content=\"2026-04-09T15:00:51+00:00\" \/>\n<meta property=\"og:image\" content=\"https:\/\/fendaf.ee\/wp-content\/uploads\/2021\/05\/Sea-nahatukid-lahivaade-1.jpg\" \/>\n\t<meta property=\"og:image:width\" content=\"1500\" \/>\n\t<meta property=\"og:image:height\" content=\"1500\" \/>\n\t<meta property=\"og:image:type\" content=\"image\/jpeg\" \/>\n<meta name=\"twitter:card\" content=\"summary_large_image\" \/>\n<meta name=\"twitter:label1\" content=\"Est. reading time\" \/>\n\t<meta name=\"twitter:data1\" content=\"1 minute\" \/>\n<script type=\"application\/ld+json\" class=\"yoast-schema-graph\">{\"@context\":\"https:\/\/schema.org\",\"@graph\":[{\"@type\":[\"WebPage\",\"ItemPage\"],\"@id\":\"https:\/\/fendaf.ee\/en\/product\/sea-nahatukid-300g\/\",\"url\":\"https:\/\/fendaf.ee\/en\/product\/sea-nahatukid-300g\/\",\"name\":\"Sea nahat\u00fckid - 300g - FendaF - thinking of your pet!\",\"isPartOf\":{\"@id\":\"https:\/\/fendaf.ee\/en\/#website\"},\"primaryImageOfPage\":{\"@id\":\"https:\/\/fendaf.ee\/en\/product\/sea-nahatukid-300g\/#primaryimage\"},\"image\":{\"@id\":\"https:\/\/fendaf.ee\/en\/product\/sea-nahatukid-300g\/#primaryimage\"},\"thumbnailUrl\":\"https:\/\/fendaf.ee\/wp-content\/uploads\/2021\/05\/Sea-nahatukid-lahivaade-1.jpg\",\"datePublished\":\"2021-05-01T19:22:47+00:00\",\"dateModified\":\"2026-04-09T15:00:51+00:00\",\"breadcrumb\":{\"@id\":\"https:\/\/fendaf.ee\/en\/product\/sea-nahatukid-300g\/#breadcrumb\"},\"inLanguage\":\"en-US\",\"potentialAction\":[{\"@type\":\"ReadAction\",\"target\":[\"https:\/\/fendaf.ee\/en\/product\/sea-nahatukid-300g\/\"]}]},{\"@type\":\"ImageObject\",\"inLanguage\":\"en-US\",\"@id\":\"https:\/\/fendaf.ee\/en\/product\/sea-nahatukid-300g\/#primaryimage\",\"url\":\"https:\/\/fendaf.ee\/wp-content\/uploads\/2021\/05\/Sea-nahatukid-lahivaade-1.jpg\",\"contentUrl\":\"https:\/\/fendaf.ee\/wp-content\/uploads\/2021\/05\/Sea-nahatukid-lahivaade-1.jpg\",\"width\":1500,\"height\":1500,\"caption\":\"sea nahat\u00fckid\"},{\"@type\":\"BreadcrumbList\",\"@id\":\"https:\/\/fendaf.ee\/en\/product\/sea-nahatukid-300g\/#breadcrumb\",\"itemListElement\":[{\"@type\":\"ListItem\",\"position\":1,\"name\":\"Home\",\"item\":\"https:\/\/fendaf.ee\/en\/\"},{\"@type\":\"ListItem\",\"position\":2,\"name\":\"Shop\",\"item\":\"https:\/\/fendaf.ee\/en\/shop\/\"},{\"@type\":\"ListItem\",\"position\":3,\"name\":\"Sea nahat\u00fckid &#8211; 300g\"}]},{\"@type\":\"WebSite\",\"@id\":\"https:\/\/fendaf.ee\/en\/#website\",\"url\":\"https:\/\/fendaf.ee\/en\/\",\"name\":\"FendaF - thinking of your pet!\",\"description\":\"Maiused ja toit - paku oma lemmikule t\u00fckike luksust!\",\"publisher\":{\"@id\":\"https:\/\/fendaf.ee\/en\/#organization\"},\"potentialAction\":[{\"@type\":\"SearchAction\",\"target\":{\"@type\":\"EntryPoint\",\"urlTemplate\":\"https:\/\/fendaf.ee\/en\/?s={search_term_string}\"},\"query-input\":{\"@type\":\"PropertyValueSpecification\",\"valueRequired\":true,\"valueName\":\"search_term_string\"}}],\"inLanguage\":\"en-US\"},{\"@type\":\"Organization\",\"@id\":\"https:\/\/fendaf.ee\/en\/#organization\",\"name\":\"FendaF O\u00dc\",\"url\":\"https:\/\/fendaf.ee\/en\/\",\"logo\":{\"@type\":\"ImageObject\",\"inLanguage\":\"en-US\",\"@id\":\"https:\/\/fendaf.ee\/en\/#\/schema\/logo\/image\/\",\"url\":\"https:\/\/fendaf.ee\/wp-content\/uploads\/2020\/03\/Fendaf_logo_taustata.png\",\"contentUrl\":\"https:\/\/fendaf.ee\/wp-content\/uploads\/2020\/03\/Fendaf_logo_taustata.png\",\"width\":7262,\"height\":4799,\"caption\":\"FendaF O\u00dc\"},\"image\":{\"@id\":\"https:\/\/fendaf.ee\/en\/#\/schema\/logo\/image\/\"},\"sameAs\":[\"https:\/\/www.facebook.com\/fendafmaius\/\",\"https:\/\/www.instagram.com\/fendaf.ee\/\",\"https:\/\/www.pinterest.com\/3a00893ff1d6c42bef9ee783f17b79\/\"]}]}<\/script>\n<!-- \/ Yoast SEO plugin. -->","yoast_head_json":{"title":"Sea nahat\u00fckid - 300g - FendaF - thinking of your pet!","robots":{"index":"index","follow":"follow","max-snippet":"max-snippet:-1","max-image-preview":"max-image-preview:large","max-video-preview":"max-video-preview:-1"},"canonical":"https:\/\/fendaf.ee\/en\/product\/sea-nahatukid-300g\/","og_locale":"en_US","og_type":"article","og_title":"Sea nahat\u00fckid - 300g - FendaF - thinking of your pet!","og_description":"Sea nahat\u00fckid on ca 15 cm pikad ning ca 6-7 cm laiad. M\u00f5nus ajaviite n\u00e4rimine nii v\u00e4iksemale kui ka suuremale koerale, kes armastab sea tooteid. Kindlasti arvesta sellega, et siga on \u00fcpris k\u00f5rge rasvasisaldusega. Toorproteiin 37,2%; Toor\u00f5li ja -rasv 54,4%; Toortuhk 0,93%; Toorkiud 0,8%; Niiskus 4,1% Ei ole lisatud v\u00e4rvi-, l\u00f5hna- ega s\u00e4ilitusaineid. Tarvitamise soovitus: [&hellip;]","og_url":"https:\/\/fendaf.ee\/en\/product\/sea-nahatukid-300g\/","og_site_name":"FendaF - thinking of your pet!","article_publisher":"https:\/\/www.facebook.com\/fendafmaius\/","article_modified_time":"2026-04-09T15:00:51+00:00","og_image":[{"width":1500,"height":1500,"url":"https:\/\/fendaf.ee\/wp-content\/uploads\/2021\/05\/Sea-nahatukid-lahivaade-1.jpg","type":"image\/jpeg"}],"twitter_card":"summary_large_image","twitter_misc":{"Est. reading time":"1 minute"},"schema":{"@context":"https:\/\/schema.org","@graph":[{"@type":["WebPage","ItemPage"],"@id":"https:\/\/fendaf.ee\/en\/product\/sea-nahatukid-300g\/","url":"https:\/\/fendaf.ee\/en\/product\/sea-nahatukid-300g\/","name":"Sea nahat\u00fckid - 300g - FendaF - thinking of your pet!","isPartOf":{"@id":"https:\/\/fendaf.ee\/en\/#website"},"primaryImageOfPage":{"@id":"https:\/\/fendaf.ee\/en\/product\/sea-nahatukid-300g\/#primaryimage"},"image":{"@id":"https:\/\/fendaf.ee\/en\/product\/sea-nahatukid-300g\/#primaryimage"},"thumbnailUrl":"https:\/\/fendaf.ee\/wp-content\/uploads\/2021\/05\/Sea-nahatukid-lahivaade-1.jpg","datePublished":"2021-05-01T19:22:47+00:00","dateModified":"2026-04-09T15:00:51+00:00","breadcrumb":{"@id":"https:\/\/fendaf.ee\/en\/product\/sea-nahatukid-300g\/#breadcrumb"},"inLanguage":"en-US","potentialAction":[{"@type":"ReadAction","target":["https:\/\/fendaf.ee\/en\/product\/sea-nahatukid-300g\/"]}]},{"@type":"ImageObject","inLanguage":"en-US","@id":"https:\/\/fendaf.ee\/en\/product\/sea-nahatukid-300g\/#primaryimage","url":"https:\/\/fendaf.ee\/wp-content\/uploads\/2021\/05\/Sea-nahatukid-lahivaade-1.jpg","contentUrl":"https:\/\/fendaf.ee\/wp-content\/uploads\/2021\/05\/Sea-nahatukid-lahivaade-1.jpg","width":1500,"height":1500,"caption":"sea nahat\u00fckid"},{"@type":"BreadcrumbList","@id":"https:\/\/fendaf.ee\/en\/product\/sea-nahatukid-300g\/#breadcrumb","itemListElement":[{"@type":"ListItem","position":1,"name":"Home","item":"https:\/\/fendaf.ee\/en\/"},{"@type":"ListItem","position":2,"name":"Shop","item":"https:\/\/fendaf.ee\/en\/shop\/"},{"@type":"ListItem","position":3,"name":"Sea nahat\u00fckid &#8211; 300g"}]},{"@type":"WebSite","@id":"https:\/\/fendaf.ee\/en\/#website","url":"https:\/\/fendaf.ee\/en\/","name":"FendaF - thinking of your pet!","description":"Maiused ja toit - paku oma lemmikule t\u00fckike luksust!","publisher":{"@id":"https:\/\/fendaf.ee\/en\/#organization"},"potentialAction":[{"@type":"SearchAction","target":{"@type":"EntryPoint","urlTemplate":"https:\/\/fendaf.ee\/en\/?s={search_term_string}"},"query-input":{"@type":"PropertyValueSpecification","valueRequired":true,"valueName":"search_term_string"}}],"inLanguage":"en-US"},{"@type":"Organization","@id":"https:\/\/fendaf.ee\/en\/#organization","name":"FendaF O\u00dc","url":"https:\/\/fendaf.ee\/en\/","logo":{"@type":"ImageObject","inLanguage":"en-US","@id":"https:\/\/fendaf.ee\/en\/#\/schema\/logo\/image\/","url":"https:\/\/fendaf.ee\/wp-content\/uploads\/2020\/03\/Fendaf_logo_taustata.png","contentUrl":"https:\/\/fendaf.ee\/wp-content\/uploads\/2020\/03\/Fendaf_logo_taustata.png","width":7262,"height":4799,"caption":"FendaF O\u00dc"},"image":{"@id":"https:\/\/fendaf.ee\/en\/#\/schema\/logo\/image\/"},"sameAs":["https:\/\/www.facebook.com\/fendafmaius\/","https:\/\/www.instagram.com\/fendaf.ee\/","https:\/\/www.pinterest.com\/3a00893ff1d6c42bef9ee783f17b79\/"]}]}},"jetpack_sharing_enabled":true,"_links":{"self":[{"href":"https:\/\/fendaf.ee\/en\/wp-json\/wp\/v2\/product\/175010","targetHints":{"allow":["GET"]}}],"collection":[{"href":"https:\/\/fendaf.ee\/en\/wp-json\/wp\/v2\/product"}],"about":[{"href":"https:\/\/fendaf.ee\/en\/wp-json\/wp\/v2\/types\/product"}],"replies":[{"embeddable":true,"href":"https:\/\/fendaf.ee\/en\/wp-json\/wp\/v2\/comments?post=175010"}],"wp:featuredmedia":[{"embeddable":true,"href":"https:\/\/fendaf.ee\/en\/wp-json\/wp\/v2\/media\/175011"}],"wp:attachment":[{"href":"https:\/\/fendaf.ee\/en\/wp-json\/wp\/v2\/media?parent=175010"}],"wp:term":[{"taxonomy":"product_brand","embeddable":true,"href":"https:\/\/fendaf.ee\/en\/wp-json\/wp\/v2\/product_brand?post=175010"},{"taxonomy":"product_cat","embeddable":true,"href":"https:\/\/fendaf.ee\/en\/wp-json\/wp\/v2\/product_cat?post=175010"},{"taxonomy":"product_tag","embeddable":true,"href":"https:\/\/fendaf.ee\/en\/wp-json\/wp\/v2\/product_tag?post=175010"}],"curies":[{"name":"wp","href":"https:\/\/api.w.org\/{rel}","templated":true}]}}