{"id":143326,"date":"2020-01-04T19:39:50","date_gmt":"2020-01-04T17:39:50","guid":{"rendered":"https:\/\/fendaf.ee\/product\/kassi-kraapimispuu\/"},"modified":"2024-03-17T02:03:53","modified_gmt":"2024-03-17T00:03:53","slug":"kassi-kraapimispuu","status":"publish","type":"product","link":"https:\/\/fendaf.ee\/ru\/tovar\/kassi-kraapimispuu\/","title":{"rendered":"Kassi kraapimispuu"},"content":{"rendered":"<p>N\u00fc\u00fcd eksklusiivsena Eestis ainult meie e-poes ja showroomis m\u00fc\u00fcgil k\u00e4sit\u00f6\u00f6na valminud kassi kraapimispuu, mis sobib v\u00e4ga h\u00e4sti igasse koju sisustuselemendiks. Kraapimispuu v\u00e4listab selle, et kassid kraabiksid diivaneid, tugitoole ja muid m\u00f6\u00f6bliesemeid.<\/p>\n<p>Kraapimispuu on valmistatud t\u00e4ispuidust, selle \u00fcmber on p\u00f5imitud naturaalne n\u00f6\u00f6r. Kokku monteerimine on imelihtne.<\/p>\n<p>Kui m\u00f5ni kass ei saa kraapimispuu kasutamisest kohe aru v\u00f5i alguses keeldub selle kraapimisest, siis on hea pihustada sellele peale naisten\u00f5gesespreid. Naisten\u00f5gese spreid m\u00fc\u00fcakse lemmiklooma poodides ja see meeldib kassidele ning teeb kraapimispuu nende jaoks ligit\u00f5mbavaks. Kui kass aga naisten\u00f5gesest lugu ei pea, v\u00f5ib proovida feromoonispreisid nagu Feliway, mis teeb ka kraapimispuu huvitavaks.<\/p>\n<p>Kraapimispuud saab n\u00e4ha meie showroomis kohapeal.<\/p>\n<p>Transport kulleriga v\u00f5i kohapealt ostes.<\/p>\n<p>&nbsp;<\/p>\n","protected":false},"excerpt":{"rendered":"<p>N\u00fc\u00fcd eksklusiivsena Eestis ainult meie e-poes ja showroomis m\u00fc\u00fcgil k\u00e4sit\u00f6\u00f6na valminud kassi kraapimispuu, mis sobib v\u00e4ga h\u00e4sti igasse koju sisustuselemendiks. Kraapimispuu v\u00e4listab selle, et kassid kraabiksid diivaneid, tugitoole ja muid m\u00f6\u00f6bliesemeid. Kraapimispuu on valmistatud t\u00e4ispuidust, selle \u00fcmber on p\u00f5imitud naturaalne n\u00f6\u00f6r. Kokku monteerimine on imelihtne. Kui m\u00f5ni kass ei saa kraapimispuu kasutamisest kohe aru v\u00f5i [&hellip;]<\/p>\n","protected":false},"featured_media":10410,"comment_status":"open","ping_status":"closed","template":"","meta":{"_acf_changed":false},"product_brand":[],"product_cat":[383,414],"product_tag":[],"class_list":{"0":"post-143326","1":"product","2":"type-product","3":"status-publish","4":"has-post-thumbnail","6":"product_cat-383","7":"product_cat-muud_kass-ru","9":"first","10":"instock","11":"taxable","12":"shipping-taxable","13":"purchasable","14":"product-type-simple"},"acf":[],"yoast_head":"<!-- This site is optimized with the Yoast SEO plugin v27.0 - https:\/\/yoast.com\/product\/yoast-seo-wordpress\/ -->\n<title>Kassi kraapimispuu - FendaF - \u0414\u0443\u043c\u0430\u044f \u043e \u0442\u0432\u043e\u0435\u043c \u043f\u0438\u0442\u043e\u043c\u0446\u043e\u043c!!<\/title>\n<meta name=\"robots\" content=\"index, follow, max-snippet:-1, max-image-preview:large, max-video-preview:-1\" \/>\n<link rel=\"canonical\" href=\"https:\/\/fendaf.ee\/ru\/tovar\/kassi-kraapimispuu\/\" \/>\n<meta property=\"og:locale\" content=\"ru_RU\" \/>\n<meta property=\"og:type\" content=\"article\" \/>\n<meta property=\"og:title\" content=\"Kassi kraapimispuu - FendaF - \u0414\u0443\u043c\u0430\u044f \u043e \u0442\u0432\u043e\u0435\u043c \u043f\u0438\u0442\u043e\u043c\u0446\u043e\u043c!!\" \/>\n<meta property=\"og:description\" content=\"N\u00fc\u00fcd eksklusiivsena Eestis ainult meie e-poes ja showroomis m\u00fc\u00fcgil k\u00e4sit\u00f6\u00f6na valminud kassi kraapimispuu, mis sobib v\u00e4ga h\u00e4sti igasse koju sisustuselemendiks. Kraapimispuu v\u00e4listab selle, et kassid kraabiksid diivaneid, tugitoole ja muid m\u00f6\u00f6bliesemeid. Kraapimispuu on valmistatud t\u00e4ispuidust, selle \u00fcmber on p\u00f5imitud naturaalne n\u00f6\u00f6r. Kokku monteerimine on imelihtne. Kui m\u00f5ni kass ei saa kraapimispuu kasutamisest kohe aru v\u00f5i [&hellip;]\" \/>\n<meta property=\"og:url\" content=\"https:\/\/fendaf.ee\/ru\/tovar\/kassi-kraapimispuu\/\" \/>\n<meta property=\"og:site_name\" content=\"FendaF - \u0414\u0443\u043c\u0430\u044f \u043e \u0442\u0432\u043e\u0435\u043c \u043f\u0438\u0442\u043e\u043c\u0446\u043e\u043c!!\" \/>\n<meta property=\"article:publisher\" content=\"https:\/\/www.facebook.com\/fendafmaius\/\" \/>\n<meta property=\"article:modified_time\" content=\"2024-03-17T00:03:53+00:00\" \/>\n<meta property=\"og:image\" content=\"https:\/\/fendaf.ee\/wp-content\/uploads\/2020\/01\/kassi-kraapimispuu.jpg\" \/>\n\t<meta property=\"og:image:width\" content=\"960\" \/>\n\t<meta property=\"og:image:height\" content=\"960\" \/>\n\t<meta property=\"og:image:type\" content=\"image\/jpeg\" \/>\n<meta name=\"twitter:card\" content=\"summary_large_image\" \/>\n<meta name=\"twitter:label1\" content=\"\u041f\u0440\u0438\u043c\u0435\u0440\u043d\u043e\u0435 \u0432\u0440\u0435\u043c\u044f \u0434\u043b\u044f \u0447\u0442\u0435\u043d\u0438\u044f\" \/>\n\t<meta name=\"twitter:data1\" content=\"1 \u043c\u0438\u043d\u0443\u0442\u0430\" \/>\n<script type=\"application\/ld+json\" class=\"yoast-schema-graph\">{\"@context\":\"https:\/\/schema.org\",\"@graph\":[{\"@type\":[\"WebPage\",\"ItemPage\"],\"@id\":\"https:\/\/fendaf.ee\/ru\/tovar\/kassi-kraapimispuu\/\",\"url\":\"https:\/\/fendaf.ee\/ru\/tovar\/kassi-kraapimispuu\/\",\"name\":\"Kassi kraapimispuu - FendaF - \u0414\u0443\u043c\u0430\u044f \u043e \u0442\u0432\u043e\u0435\u043c \u043f\u0438\u0442\u043e\u043c\u0446\u043e\u043c!!\",\"isPartOf\":{\"@id\":\"https:\/\/fendaf.ee\/ru\/#website\"},\"primaryImageOfPage\":{\"@id\":\"https:\/\/fendaf.ee\/ru\/tovar\/kassi-kraapimispuu\/#primaryimage\"},\"image\":{\"@id\":\"https:\/\/fendaf.ee\/ru\/tovar\/kassi-kraapimispuu\/#primaryimage\"},\"thumbnailUrl\":\"https:\/\/fendaf.ee\/wp-content\/uploads\/2020\/01\/kassi-kraapimispuu.jpg\",\"datePublished\":\"2020-01-04T17:39:50+00:00\",\"dateModified\":\"2024-03-17T00:03:53+00:00\",\"breadcrumb\":{\"@id\":\"https:\/\/fendaf.ee\/ru\/tovar\/kassi-kraapimispuu\/#breadcrumb\"},\"inLanguage\":\"ru-RU\",\"potentialAction\":[{\"@type\":\"ReadAction\",\"target\":[\"https:\/\/fendaf.ee\/ru\/tovar\/kassi-kraapimispuu\/\"]}]},{\"@type\":\"ImageObject\",\"inLanguage\":\"ru-RU\",\"@id\":\"https:\/\/fendaf.ee\/ru\/tovar\/kassi-kraapimispuu\/#primaryimage\",\"url\":\"https:\/\/fendaf.ee\/wp-content\/uploads\/2020\/01\/kassi-kraapimispuu.jpg\",\"contentUrl\":\"https:\/\/fendaf.ee\/wp-content\/uploads\/2020\/01\/kassi-kraapimispuu.jpg\",\"width\":960,\"height\":960},{\"@type\":\"BreadcrumbList\",\"@id\":\"https:\/\/fendaf.ee\/ru\/tovar\/kassi-kraapimispuu\/#breadcrumb\",\"itemListElement\":[{\"@type\":\"ListItem\",\"position\":1,\"name\":\"Home\",\"item\":\"https:\/\/fendaf.ee\/ru\/\"},{\"@type\":\"ListItem\",\"position\":2,\"name\":\"\u041c\u0430\u0433\u0430\u0437\u0438\u043d\",\"item\":\"https:\/\/fendaf.ee\/ru\/shop\/\"},{\"@type\":\"ListItem\",\"position\":3,\"name\":\"Kassi kraapimispuu\"}]},{\"@type\":\"WebSite\",\"@id\":\"https:\/\/fendaf.ee\/ru\/#website\",\"url\":\"https:\/\/fendaf.ee\/ru\/\",\"name\":\"FendaF - \u0414\u0443\u043c\u0430\u044f \u043e \u0442\u0432\u043e\u0435\u043c \u043f\u0438\u0442\u043e\u043c\u0446\u043e\u043c!!\",\"description\":\"Maiused ja kvaliteetne kuivtoit Sinu lemmikule\",\"publisher\":{\"@id\":\"https:\/\/fendaf.ee\/ru\/#organization\"},\"potentialAction\":[{\"@type\":\"SearchAction\",\"target\":{\"@type\":\"EntryPoint\",\"urlTemplate\":\"https:\/\/fendaf.ee\/ru\/?s={search_term_string}\"},\"query-input\":{\"@type\":\"PropertyValueSpecification\",\"valueRequired\":true,\"valueName\":\"search_term_string\"}}],\"inLanguage\":\"ru-RU\"},{\"@type\":\"Organization\",\"@id\":\"https:\/\/fendaf.ee\/ru\/#organization\",\"name\":\"FendaF O\u00dc\",\"url\":\"https:\/\/fendaf.ee\/ru\/\",\"logo\":{\"@type\":\"ImageObject\",\"inLanguage\":\"ru-RU\",\"@id\":\"https:\/\/fendaf.ee\/ru\/#\/schema\/logo\/image\/\",\"url\":\"https:\/\/fendaf.ee\/wp-content\/uploads\/2020\/03\/Fendaf_logo_taustata.png\",\"contentUrl\":\"https:\/\/fendaf.ee\/wp-content\/uploads\/2020\/03\/Fendaf_logo_taustata.png\",\"width\":7262,\"height\":4799,\"caption\":\"FendaF O\u00dc\"},\"image\":{\"@id\":\"https:\/\/fendaf.ee\/ru\/#\/schema\/logo\/image\/\"},\"sameAs\":[\"https:\/\/www.facebook.com\/fendafmaius\/\",\"https:\/\/www.instagram.com\/fendaf.ee\/\",\"https:\/\/www.pinterest.com\/3a00893ff1d6c42bef9ee783f17b79\/\"]}]}<\/script>\n<!-- \/ Yoast SEO plugin. -->","yoast_head_json":{"title":"Kassi kraapimispuu - FendaF - \u0414\u0443\u043c\u0430\u044f \u043e \u0442\u0432\u043e\u0435\u043c \u043f\u0438\u0442\u043e\u043c\u0446\u043e\u043c!!","robots":{"index":"index","follow":"follow","max-snippet":"max-snippet:-1","max-image-preview":"max-image-preview:large","max-video-preview":"max-video-preview:-1"},"canonical":"https:\/\/fendaf.ee\/ru\/tovar\/kassi-kraapimispuu\/","og_locale":"ru_RU","og_type":"article","og_title":"Kassi kraapimispuu - FendaF - \u0414\u0443\u043c\u0430\u044f \u043e \u0442\u0432\u043e\u0435\u043c \u043f\u0438\u0442\u043e\u043c\u0446\u043e\u043c!!","og_description":"N\u00fc\u00fcd eksklusiivsena Eestis ainult meie e-poes ja showroomis m\u00fc\u00fcgil k\u00e4sit\u00f6\u00f6na valminud kassi kraapimispuu, mis sobib v\u00e4ga h\u00e4sti igasse koju sisustuselemendiks. Kraapimispuu v\u00e4listab selle, et kassid kraabiksid diivaneid, tugitoole ja muid m\u00f6\u00f6bliesemeid. Kraapimispuu on valmistatud t\u00e4ispuidust, selle \u00fcmber on p\u00f5imitud naturaalne n\u00f6\u00f6r. Kokku monteerimine on imelihtne. Kui m\u00f5ni kass ei saa kraapimispuu kasutamisest kohe aru v\u00f5i [&hellip;]","og_url":"https:\/\/fendaf.ee\/ru\/tovar\/kassi-kraapimispuu\/","og_site_name":"FendaF - \u0414\u0443\u043c\u0430\u044f \u043e \u0442\u0432\u043e\u0435\u043c \u043f\u0438\u0442\u043e\u043c\u0446\u043e\u043c!!","article_publisher":"https:\/\/www.facebook.com\/fendafmaius\/","article_modified_time":"2024-03-17T00:03:53+00:00","og_image":[{"width":960,"height":960,"url":"https:\/\/fendaf.ee\/wp-content\/uploads\/2020\/01\/kassi-kraapimispuu.jpg","type":"image\/jpeg"}],"twitter_card":"summary_large_image","twitter_misc":{"\u041f\u0440\u0438\u043c\u0435\u0440\u043d\u043e\u0435 \u0432\u0440\u0435\u043c\u044f \u0434\u043b\u044f \u0447\u0442\u0435\u043d\u0438\u044f":"1 \u043c\u0438\u043d\u0443\u0442\u0430"},"schema":{"@context":"https:\/\/schema.org","@graph":[{"@type":["WebPage","ItemPage"],"@id":"https:\/\/fendaf.ee\/ru\/tovar\/kassi-kraapimispuu\/","url":"https:\/\/fendaf.ee\/ru\/tovar\/kassi-kraapimispuu\/","name":"Kassi kraapimispuu - FendaF - \u0414\u0443\u043c\u0430\u044f \u043e \u0442\u0432\u043e\u0435\u043c \u043f\u0438\u0442\u043e\u043c\u0446\u043e\u043c!!","isPartOf":{"@id":"https:\/\/fendaf.ee\/ru\/#website"},"primaryImageOfPage":{"@id":"https:\/\/fendaf.ee\/ru\/tovar\/kassi-kraapimispuu\/#primaryimage"},"image":{"@id":"https:\/\/fendaf.ee\/ru\/tovar\/kassi-kraapimispuu\/#primaryimage"},"thumbnailUrl":"https:\/\/fendaf.ee\/wp-content\/uploads\/2020\/01\/kassi-kraapimispuu.jpg","datePublished":"2020-01-04T17:39:50+00:00","dateModified":"2024-03-17T00:03:53+00:00","breadcrumb":{"@id":"https:\/\/fendaf.ee\/ru\/tovar\/kassi-kraapimispuu\/#breadcrumb"},"inLanguage":"ru-RU","potentialAction":[{"@type":"ReadAction","target":["https:\/\/fendaf.ee\/ru\/tovar\/kassi-kraapimispuu\/"]}]},{"@type":"ImageObject","inLanguage":"ru-RU","@id":"https:\/\/fendaf.ee\/ru\/tovar\/kassi-kraapimispuu\/#primaryimage","url":"https:\/\/fendaf.ee\/wp-content\/uploads\/2020\/01\/kassi-kraapimispuu.jpg","contentUrl":"https:\/\/fendaf.ee\/wp-content\/uploads\/2020\/01\/kassi-kraapimispuu.jpg","width":960,"height":960},{"@type":"BreadcrumbList","@id":"https:\/\/fendaf.ee\/ru\/tovar\/kassi-kraapimispuu\/#breadcrumb","itemListElement":[{"@type":"ListItem","position":1,"name":"Home","item":"https:\/\/fendaf.ee\/ru\/"},{"@type":"ListItem","position":2,"name":"\u041c\u0430\u0433\u0430\u0437\u0438\u043d","item":"https:\/\/fendaf.ee\/ru\/shop\/"},{"@type":"ListItem","position":3,"name":"Kassi kraapimispuu"}]},{"@type":"WebSite","@id":"https:\/\/fendaf.ee\/ru\/#website","url":"https:\/\/fendaf.ee\/ru\/","name":"FendaF - \u0414\u0443\u043c\u0430\u044f \u043e \u0442\u0432\u043e\u0435\u043c \u043f\u0438\u0442\u043e\u043c\u0446\u043e\u043c!!","description":"Maiused ja kvaliteetne kuivtoit Sinu lemmikule","publisher":{"@id":"https:\/\/fendaf.ee\/ru\/#organization"},"potentialAction":[{"@type":"SearchAction","target":{"@type":"EntryPoint","urlTemplate":"https:\/\/fendaf.ee\/ru\/?s={search_term_string}"},"query-input":{"@type":"PropertyValueSpecification","valueRequired":true,"valueName":"search_term_string"}}],"inLanguage":"ru-RU"},{"@type":"Organization","@id":"https:\/\/fendaf.ee\/ru\/#organization","name":"FendaF O\u00dc","url":"https:\/\/fendaf.ee\/ru\/","logo":{"@type":"ImageObject","inLanguage":"ru-RU","@id":"https:\/\/fendaf.ee\/ru\/#\/schema\/logo\/image\/","url":"https:\/\/fendaf.ee\/wp-content\/uploads\/2020\/03\/Fendaf_logo_taustata.png","contentUrl":"https:\/\/fendaf.ee\/wp-content\/uploads\/2020\/03\/Fendaf_logo_taustata.png","width":7262,"height":4799,"caption":"FendaF O\u00dc"},"image":{"@id":"https:\/\/fendaf.ee\/ru\/#\/schema\/logo\/image\/"},"sameAs":["https:\/\/www.facebook.com\/fendafmaius\/","https:\/\/www.instagram.com\/fendaf.ee\/","https:\/\/www.pinterest.com\/3a00893ff1d6c42bef9ee783f17b79\/"]}]}},"jetpack_sharing_enabled":true,"_links":{"self":[{"href":"https:\/\/fendaf.ee\/ru\/wp-json\/wp\/v2\/product\/143326","targetHints":{"allow":["GET"]}}],"collection":[{"href":"https:\/\/fendaf.ee\/ru\/wp-json\/wp\/v2\/product"}],"about":[{"href":"https:\/\/fendaf.ee\/ru\/wp-json\/wp\/v2\/types\/product"}],"replies":[{"embeddable":true,"href":"https:\/\/fendaf.ee\/ru\/wp-json\/wp\/v2\/comments?post=143326"}],"wp:featuredmedia":[{"embeddable":true,"href":"https:\/\/fendaf.ee\/ru\/wp-json\/wp\/v2\/media\/10410"}],"wp:attachment":[{"href":"https:\/\/fendaf.ee\/ru\/wp-json\/wp\/v2\/media?parent=143326"}],"wp:term":[{"taxonomy":"product_brand","embeddable":true,"href":"https:\/\/fendaf.ee\/ru\/wp-json\/wp\/v2\/product_brand?post=143326"},{"taxonomy":"product_cat","embeddable":true,"href":"https:\/\/fendaf.ee\/ru\/wp-json\/wp\/v2\/product_cat?post=143326"},{"taxonomy":"product_tag","embeddable":true,"href":"https:\/\/fendaf.ee\/ru\/wp-json\/wp\/v2\/product_tag?post=143326"}],"curies":[{"name":"wp","href":"https:\/\/api.w.org\/{rel}","templated":true}]}}