{"id":160191,"date":"2020-01-07T17:00:15","date_gmt":"2020-01-07T15:00:15","guid":{"rendered":"https:\/\/fendaf.ee\/product\/hane-kael-1-tk\/"},"modified":"2026-04-29T08:00:17","modified_gmt":"2026-04-29T05:00:17","slug":"hane-kael-1-tk","status":"publish","type":"product","link":"https:\/\/fendaf.ee\/ru\/tovar\/hane-kael-1-tk\/","title":{"rendered":"Hane kael 1 tk"},"content":{"rendered":"<p>N\u00e4rimismaius vahepalaks. M\u00f5nus pikk kael on hea maius koerale kr\u00f5mpsutamiseks (oma suuruselt sarnane kalkuni kaelale, aga veidi pikem ja peenem). N\u00e4rimisel ei tekita teravaid t\u00fckke. Vaata kalkuni kaela videoklippi: <a href=\"https:\/\/www.youtube.com\/watch?v=eC-i9sWfHws\">Kalkuni kael<\/a><\/p>\n<p>Toorproteiin 69,66%; Toor\u00f5li ja -rasv 11,23%; Niiskus 11,85%<\/p>\n<p>Ei ole lisatud v\u00e4rvi-, l\u00f5hna- ega s\u00e4ilitusaineid.<\/p>\n<p>Tarvitamise soovitus: Anna vahepalaks v\u00f5i preemiaks oma lemmiku toidukordade vahele. Avatud pakendit hoia kuivas ja jahedas. Puhas joogivesi hoia lemmikule saadaval! Arvesta maiuste andmisel oma koera s\u00f6\u00f6misharjumustega.<\/p>\n<p>Tooted pakendame reeglina rasva h\u00fclgavasse paberisse. Kui soovid toodet saada pappkarbis, siis tee valik toote juures. Pappkarp on keskkonnas\u00f5bralik ja taaskasutatav. Pakend hoiab kinni toote l\u00f5hna ning seda on mugav hoiustada.<\/p>\n<p>Toodetud Euroopa Liidus.<\/p>\n","protected":false},"excerpt":{"rendered":"<p>N\u00e4rimismaius vahepalaks. M\u00f5nus pikk kael on hea maius koerale kr\u00f5mpsutamiseks (oma suuruselt sarnane kalkuni kaelale, aga veidi pikem ja peenem). N\u00e4rimisel ei tekita teravaid t\u00fckke. Vaata kalkuni kaela videoklippi: Kalkuni kael Toorproteiin 69,66%; Toor\u00f5li ja -rasv 11,23%; Niiskus 11,85% Ei ole lisatud v\u00e4rvi-, l\u00f5hna- ega s\u00e4ilitusaineid. Tarvitamise soovitus: Anna vahepalaks v\u00f5i preemiaks oma lemmiku toidukordade [&hellip;]<\/p>\n","protected":false},"featured_media":12588,"comment_status":"open","ping_status":"closed","template":"","meta":{"_acf_changed":false},"product_brand":[],"product_cat":[583,380,584,582,309],"product_tag":[],"class_list":{"0":"post-160191","1":"product","2":"type-product","3":"status-publish","4":"has-post-thumbnail","6":"product_cat-liha_liigid-ru","7":"product_cat-hani_ru","8":"product_cat-narimismaius-ru","9":"product_cat-kutsikale-ru","10":"product_cat-maius-ru","12":"first","13":"instock","14":"taxable","15":"shipping-taxable","16":"purchasable","17":"product-type-simple"},"acf":[],"yoast_head":"<!-- This site is optimized with the Yoast SEO plugin v27.0 - https:\/\/yoast.com\/product\/yoast-seo-wordpress\/ -->\n<title>Hane kael 1 tk - FendaF - \u0414\u0443\u043c\u0430\u044f \u043e \u0442\u0432\u043e\u0435\u043c \u043f\u0438\u0442\u043e\u043c\u0446\u043e\u043c!!<\/title>\n<meta name=\"robots\" content=\"index, follow, max-snippet:-1, max-image-preview:large, max-video-preview:-1\" \/>\n<link rel=\"canonical\" href=\"https:\/\/fendaf.ee\/ru\/tovar\/hane-kael-1-tk\/\" \/>\n<meta property=\"og:locale\" content=\"ru_RU\" \/>\n<meta property=\"og:type\" content=\"article\" \/>\n<meta property=\"og:title\" content=\"Hane kael 1 tk - FendaF - \u0414\u0443\u043c\u0430\u044f \u043e \u0442\u0432\u043e\u0435\u043c \u043f\u0438\u0442\u043e\u043c\u0446\u043e\u043c!!\" \/>\n<meta property=\"og:description\" content=\"N\u00e4rimismaius vahepalaks. M\u00f5nus pikk kael on hea maius koerale kr\u00f5mpsutamiseks (oma suuruselt sarnane kalkuni kaelale, aga veidi pikem ja peenem). N\u00e4rimisel ei tekita teravaid t\u00fckke. Vaata kalkuni kaela videoklippi: Kalkuni kael Toorproteiin 69,66%; Toor\u00f5li ja -rasv 11,23%; Niiskus 11,85% Ei ole lisatud v\u00e4rvi-, l\u00f5hna- ega s\u00e4ilitusaineid. Tarvitamise soovitus: Anna vahepalaks v\u00f5i preemiaks oma lemmiku toidukordade [&hellip;]\" \/>\n<meta property=\"og:url\" content=\"https:\/\/fendaf.ee\/ru\/tovar\/hane-kael-1-tk\/\" \/>\n<meta property=\"og:site_name\" content=\"FendaF - \u0414\u0443\u043c\u0430\u044f \u043e \u0442\u0432\u043e\u0435\u043c \u043f\u0438\u0442\u043e\u043c\u0446\u043e\u043c!!\" \/>\n<meta property=\"article:publisher\" content=\"https:\/\/www.facebook.com\/fendafmaius\/\" \/>\n<meta property=\"article:modified_time\" content=\"2026-04-29T05:00:17+00:00\" \/>\n<meta property=\"og:image\" content=\"https:\/\/fendaf.ee\/wp-content\/uploads\/2020\/02\/hane-kael-1.png.jpg\" \/>\n\t<meta property=\"og:image:width\" content=\"1000\" \/>\n\t<meta property=\"og:image:height\" content=\"1000\" \/>\n\t<meta property=\"og:image:type\" content=\"image\/jpeg\" \/>\n<meta name=\"twitter:card\" content=\"summary_large_image\" \/>\n<meta name=\"twitter:label1\" content=\"\u041f\u0440\u0438\u043c\u0435\u0440\u043d\u043e\u0435 \u0432\u0440\u0435\u043c\u044f \u0434\u043b\u044f \u0447\u0442\u0435\u043d\u0438\u044f\" \/>\n\t<meta name=\"twitter:data1\" content=\"1 \u043c\u0438\u043d\u0443\u0442\u0430\" \/>\n<script type=\"application\/ld+json\" class=\"yoast-schema-graph\">{\"@context\":\"https:\/\/schema.org\",\"@graph\":[{\"@type\":[\"WebPage\",\"ItemPage\"],\"@id\":\"https:\/\/fendaf.ee\/ru\/tovar\/hane-kael-1-tk\/\",\"url\":\"https:\/\/fendaf.ee\/ru\/tovar\/hane-kael-1-tk\/\",\"name\":\"Hane kael 1 tk - FendaF - \u0414\u0443\u043c\u0430\u044f \u043e \u0442\u0432\u043e\u0435\u043c \u043f\u0438\u0442\u043e\u043c\u0446\u043e\u043c!!\",\"isPartOf\":{\"@id\":\"https:\/\/fendaf.ee\/ru\/#website\"},\"primaryImageOfPage\":{\"@id\":\"https:\/\/fendaf.ee\/ru\/tovar\/hane-kael-1-tk\/#primaryimage\"},\"image\":{\"@id\":\"https:\/\/fendaf.ee\/ru\/tovar\/hane-kael-1-tk\/#primaryimage\"},\"thumbnailUrl\":\"https:\/\/fendaf.ee\/wp-content\/uploads\/2020\/02\/hane-kael-1.png.jpg\",\"datePublished\":\"2020-01-07T15:00:15+00:00\",\"dateModified\":\"2026-04-29T05:00:17+00:00\",\"breadcrumb\":{\"@id\":\"https:\/\/fendaf.ee\/ru\/tovar\/hane-kael-1-tk\/#breadcrumb\"},\"inLanguage\":\"ru-RU\",\"potentialAction\":[{\"@type\":\"ReadAction\",\"target\":[\"https:\/\/fendaf.ee\/ru\/tovar\/hane-kael-1-tk\/\"]}]},{\"@type\":\"ImageObject\",\"inLanguage\":\"ru-RU\",\"@id\":\"https:\/\/fendaf.ee\/ru\/tovar\/hane-kael-1-tk\/#primaryimage\",\"url\":\"https:\/\/fendaf.ee\/wp-content\/uploads\/2020\/02\/hane-kael-1.png.jpg\",\"contentUrl\":\"https:\/\/fendaf.ee\/wp-content\/uploads\/2020\/02\/hane-kael-1.png.jpg\",\"width\":1000,\"height\":1000},{\"@type\":\"BreadcrumbList\",\"@id\":\"https:\/\/fendaf.ee\/ru\/tovar\/hane-kael-1-tk\/#breadcrumb\",\"itemListElement\":[{\"@type\":\"ListItem\",\"position\":1,\"name\":\"Home\",\"item\":\"https:\/\/fendaf.ee\/ru\/\"},{\"@type\":\"ListItem\",\"position\":2,\"name\":\"\u041c\u0430\u0433\u0430\u0437\u0438\u043d\",\"item\":\"https:\/\/fendaf.ee\/ru\/shop\/\"},{\"@type\":\"ListItem\",\"position\":3,\"name\":\"Hane kael 1 tk\"}]},{\"@type\":\"WebSite\",\"@id\":\"https:\/\/fendaf.ee\/ru\/#website\",\"url\":\"https:\/\/fendaf.ee\/ru\/\",\"name\":\"FendaF - \u0414\u0443\u043c\u0430\u044f \u043e \u0442\u0432\u043e\u0435\u043c \u043f\u0438\u0442\u043e\u043c\u0446\u043e\u043c!!\",\"description\":\"Maiused ja kvaliteetne kuivtoit Sinu lemmikule\",\"publisher\":{\"@id\":\"https:\/\/fendaf.ee\/ru\/#organization\"},\"potentialAction\":[{\"@type\":\"SearchAction\",\"target\":{\"@type\":\"EntryPoint\",\"urlTemplate\":\"https:\/\/fendaf.ee\/ru\/?s={search_term_string}\"},\"query-input\":{\"@type\":\"PropertyValueSpecification\",\"valueRequired\":true,\"valueName\":\"search_term_string\"}}],\"inLanguage\":\"ru-RU\"},{\"@type\":\"Organization\",\"@id\":\"https:\/\/fendaf.ee\/ru\/#organization\",\"name\":\"FendaF O\u00dc\",\"url\":\"https:\/\/fendaf.ee\/ru\/\",\"logo\":{\"@type\":\"ImageObject\",\"inLanguage\":\"ru-RU\",\"@id\":\"https:\/\/fendaf.ee\/ru\/#\/schema\/logo\/image\/\",\"url\":\"https:\/\/fendaf.ee\/wp-content\/uploads\/2020\/03\/Fendaf_logo_taustata.png\",\"contentUrl\":\"https:\/\/fendaf.ee\/wp-content\/uploads\/2020\/03\/Fendaf_logo_taustata.png\",\"width\":7262,\"height\":4799,\"caption\":\"FendaF O\u00dc\"},\"image\":{\"@id\":\"https:\/\/fendaf.ee\/ru\/#\/schema\/logo\/image\/\"},\"sameAs\":[\"https:\/\/www.facebook.com\/fendafmaius\/\",\"https:\/\/www.instagram.com\/fendaf.ee\/\",\"https:\/\/www.pinterest.com\/3a00893ff1d6c42bef9ee783f17b79\/\"]}]}<\/script>\n<!-- \/ Yoast SEO plugin. -->","yoast_head_json":{"title":"Hane kael 1 tk - FendaF - \u0414\u0443\u043c\u0430\u044f \u043e \u0442\u0432\u043e\u0435\u043c \u043f\u0438\u0442\u043e\u043c\u0446\u043e\u043c!!","robots":{"index":"index","follow":"follow","max-snippet":"max-snippet:-1","max-image-preview":"max-image-preview:large","max-video-preview":"max-video-preview:-1"},"canonical":"https:\/\/fendaf.ee\/ru\/tovar\/hane-kael-1-tk\/","og_locale":"ru_RU","og_type":"article","og_title":"Hane kael 1 tk - FendaF - \u0414\u0443\u043c\u0430\u044f \u043e \u0442\u0432\u043e\u0435\u043c \u043f\u0438\u0442\u043e\u043c\u0446\u043e\u043c!!","og_description":"N\u00e4rimismaius vahepalaks. M\u00f5nus pikk kael on hea maius koerale kr\u00f5mpsutamiseks (oma suuruselt sarnane kalkuni kaelale, aga veidi pikem ja peenem). N\u00e4rimisel ei tekita teravaid t\u00fckke. Vaata kalkuni kaela videoklippi: Kalkuni kael Toorproteiin 69,66%; Toor\u00f5li ja -rasv 11,23%; Niiskus 11,85% Ei ole lisatud v\u00e4rvi-, l\u00f5hna- ega s\u00e4ilitusaineid. Tarvitamise soovitus: Anna vahepalaks v\u00f5i preemiaks oma lemmiku toidukordade [&hellip;]","og_url":"https:\/\/fendaf.ee\/ru\/tovar\/hane-kael-1-tk\/","og_site_name":"FendaF - \u0414\u0443\u043c\u0430\u044f \u043e \u0442\u0432\u043e\u0435\u043c \u043f\u0438\u0442\u043e\u043c\u0446\u043e\u043c!!","article_publisher":"https:\/\/www.facebook.com\/fendafmaius\/","article_modified_time":"2026-04-29T05:00:17+00:00","og_image":[{"width":1000,"height":1000,"url":"https:\/\/fendaf.ee\/wp-content\/uploads\/2020\/02\/hane-kael-1.png.jpg","type":"image\/jpeg"}],"twitter_card":"summary_large_image","twitter_misc":{"\u041f\u0440\u0438\u043c\u0435\u0440\u043d\u043e\u0435 \u0432\u0440\u0435\u043c\u044f \u0434\u043b\u044f \u0447\u0442\u0435\u043d\u0438\u044f":"1 \u043c\u0438\u043d\u0443\u0442\u0430"},"schema":{"@context":"https:\/\/schema.org","@graph":[{"@type":["WebPage","ItemPage"],"@id":"https:\/\/fendaf.ee\/ru\/tovar\/hane-kael-1-tk\/","url":"https:\/\/fendaf.ee\/ru\/tovar\/hane-kael-1-tk\/","name":"Hane kael 1 tk - FendaF - \u0414\u0443\u043c\u0430\u044f \u043e \u0442\u0432\u043e\u0435\u043c \u043f\u0438\u0442\u043e\u043c\u0446\u043e\u043c!!","isPartOf":{"@id":"https:\/\/fendaf.ee\/ru\/#website"},"primaryImageOfPage":{"@id":"https:\/\/fendaf.ee\/ru\/tovar\/hane-kael-1-tk\/#primaryimage"},"image":{"@id":"https:\/\/fendaf.ee\/ru\/tovar\/hane-kael-1-tk\/#primaryimage"},"thumbnailUrl":"https:\/\/fendaf.ee\/wp-content\/uploads\/2020\/02\/hane-kael-1.png.jpg","datePublished":"2020-01-07T15:00:15+00:00","dateModified":"2026-04-29T05:00:17+00:00","breadcrumb":{"@id":"https:\/\/fendaf.ee\/ru\/tovar\/hane-kael-1-tk\/#breadcrumb"},"inLanguage":"ru-RU","potentialAction":[{"@type":"ReadAction","target":["https:\/\/fendaf.ee\/ru\/tovar\/hane-kael-1-tk\/"]}]},{"@type":"ImageObject","inLanguage":"ru-RU","@id":"https:\/\/fendaf.ee\/ru\/tovar\/hane-kael-1-tk\/#primaryimage","url":"https:\/\/fendaf.ee\/wp-content\/uploads\/2020\/02\/hane-kael-1.png.jpg","contentUrl":"https:\/\/fendaf.ee\/wp-content\/uploads\/2020\/02\/hane-kael-1.png.jpg","width":1000,"height":1000},{"@type":"BreadcrumbList","@id":"https:\/\/fendaf.ee\/ru\/tovar\/hane-kael-1-tk\/#breadcrumb","itemListElement":[{"@type":"ListItem","position":1,"name":"Home","item":"https:\/\/fendaf.ee\/ru\/"},{"@type":"ListItem","position":2,"name":"\u041c\u0430\u0433\u0430\u0437\u0438\u043d","item":"https:\/\/fendaf.ee\/ru\/shop\/"},{"@type":"ListItem","position":3,"name":"Hane kael 1 tk"}]},{"@type":"WebSite","@id":"https:\/\/fendaf.ee\/ru\/#website","url":"https:\/\/fendaf.ee\/ru\/","name":"FendaF - \u0414\u0443\u043c\u0430\u044f \u043e \u0442\u0432\u043e\u0435\u043c \u043f\u0438\u0442\u043e\u043c\u0446\u043e\u043c!!","description":"Maiused ja kvaliteetne kuivtoit Sinu lemmikule","publisher":{"@id":"https:\/\/fendaf.ee\/ru\/#organization"},"potentialAction":[{"@type":"SearchAction","target":{"@type":"EntryPoint","urlTemplate":"https:\/\/fendaf.ee\/ru\/?s={search_term_string}"},"query-input":{"@type":"PropertyValueSpecification","valueRequired":true,"valueName":"search_term_string"}}],"inLanguage":"ru-RU"},{"@type":"Organization","@id":"https:\/\/fendaf.ee\/ru\/#organization","name":"FendaF O\u00dc","url":"https:\/\/fendaf.ee\/ru\/","logo":{"@type":"ImageObject","inLanguage":"ru-RU","@id":"https:\/\/fendaf.ee\/ru\/#\/schema\/logo\/image\/","url":"https:\/\/fendaf.ee\/wp-content\/uploads\/2020\/03\/Fendaf_logo_taustata.png","contentUrl":"https:\/\/fendaf.ee\/wp-content\/uploads\/2020\/03\/Fendaf_logo_taustata.png","width":7262,"height":4799,"caption":"FendaF O\u00dc"},"image":{"@id":"https:\/\/fendaf.ee\/ru\/#\/schema\/logo\/image\/"},"sameAs":["https:\/\/www.facebook.com\/fendafmaius\/","https:\/\/www.instagram.com\/fendaf.ee\/","https:\/\/www.pinterest.com\/3a00893ff1d6c42bef9ee783f17b79\/"]}]}},"jetpack_sharing_enabled":true,"_links":{"self":[{"href":"https:\/\/fendaf.ee\/ru\/wp-json\/wp\/v2\/product\/160191","targetHints":{"allow":["GET"]}}],"collection":[{"href":"https:\/\/fendaf.ee\/ru\/wp-json\/wp\/v2\/product"}],"about":[{"href":"https:\/\/fendaf.ee\/ru\/wp-json\/wp\/v2\/types\/product"}],"replies":[{"embeddable":true,"href":"https:\/\/fendaf.ee\/ru\/wp-json\/wp\/v2\/comments?post=160191"}],"wp:featuredmedia":[{"embeddable":true,"href":"https:\/\/fendaf.ee\/ru\/wp-json\/wp\/v2\/media\/12588"}],"wp:attachment":[{"href":"https:\/\/fendaf.ee\/ru\/wp-json\/wp\/v2\/media?parent=160191"}],"wp:term":[{"taxonomy":"product_brand","embeddable":true,"href":"https:\/\/fendaf.ee\/ru\/wp-json\/wp\/v2\/product_brand?post=160191"},{"taxonomy":"product_cat","embeddable":true,"href":"https:\/\/fendaf.ee\/ru\/wp-json\/wp\/v2\/product_cat?post=160191"},{"taxonomy":"product_tag","embeddable":true,"href":"https:\/\/fendaf.ee\/ru\/wp-json\/wp\/v2\/product_tag?post=160191"}],"curies":[{"name":"wp","href":"https:\/\/api.w.org\/{rel}","templated":true}]}}