{"id":172488,"date":"2020-07-30T21:52:30","date_gmt":"2020-07-30T18:52:30","guid":{"rendered":"https:\/\/fendaf.ee\/?post_type=product&#038;p=172488"},"modified":"2026-04-09T18:00:09","modified_gmt":"2026-04-09T15:00:09","slug":"wp-arthro-elastina-pulber-200g","status":"publish","type":"product","link":"https:\/\/fendaf.ee\/ru\/tovar\/wp-arthro-elastina-pulber-200g\/","title":{"rendered":"WP Arthro Elastina pulber, 200g"},"content":{"rendered":"<p><strong>Toidulisand koertele<\/strong><\/p>\n<p>Pakendi suurus: 200g<\/p>\n<p>WINNER PLUS Arthro Elastina pulber toetab lihaste, k\u00f5\u00f5luste, sidemete ja liigeste arengut, kasvu ning parendamist. See on optimaalne toidulisand toetamaks kas oma kutsika arengut, aktiivset, tiinet v\u00f5i imetavat koera kui ka koeri, kes kannatavad puusa d\u00fcsplaasia, p\u00f5lve, k\u00fc\u00fcnarliigese v\u00f5i liigese probleemide k\u00e4es.<\/p>\n<p>Sobib samuti ka artriidi ja k\u00f5\u00f5lusep\u00f5letiku korral (nii l\u00fchiajaline kui krooniline). Sisalduv kondroitiinsulfaat on k\u00f5ige olulisem gl\u00fckosaminogl\u00fckaan, mis toetab liigesek\u00f5hre arengut ning vastutab tervete sidemete ja luude eest. Samuti kasutatav l\u00fclisamba artroosi algetapis.<\/p>\n<p>WINNER PLUS Arthro Elastina pulber on rikas gl\u00fckosaminogl\u00fckaani, E-vitamiini ja seleeni poolest.<\/p>\n<p>\u2022 Naturaalne tugi k\u00f5\u00f5lustele ja liigestele<br \/>\n\u2022 Sobib kasvavatele koertele, f\u00fc\u00fcsilise koormuse korral ning samuti tiinuse ja imetamise ajal<\/p>\n<p><strong>PARIM ENNE: 07\/27<\/strong><\/p>\n","protected":false},"excerpt":{"rendered":"<p>Naturaalne tugi k\u00f5\u00f5lustele ja liigestele<\/p>\n","protected":false},"featured_media":186014,"comment_status":"open","ping_status":"closed","template":"","meta":{"_acf_changed":false},"product_brand":[],"product_cat":[422,421],"product_tag":[],"class_list":{"0":"post-172488","1":"product","2":"type-product","3":"status-publish","4":"has-post-thumbnail","6":"product_cat-toidulisandid_koertele","7":"product_cat-taiendsoot","9":"first","10":"instock","11":"taxable","12":"shipping-taxable","13":"purchasable","14":"product-type-simple"},"acf":[],"yoast_head":"<!-- This site is optimized with the Yoast SEO plugin v27.0 - https:\/\/yoast.com\/product\/yoast-seo-wordpress\/ -->\n<title>WP Arthro Elastina pulber, 200g - FendaF - \u0414\u0443\u043c\u0430\u044f \u043e \u0442\u0432\u043e\u0435\u043c \u043f\u0438\u0442\u043e\u043c\u0446\u043e\u043c!!<\/title>\n<meta name=\"description\" content=\"Arthro Elastina sobib toetamaks kutsika arengut v\u00f5i koeri, kes kannatavad puusa d\u00fcsplaasia, p\u00f5lve, k\u00fc\u00fcnarliigese v\u00f5i liigese probleemide k\u00e4es.\" \/>\n<meta name=\"robots\" content=\"index, follow, max-snippet:-1, max-image-preview:large, max-video-preview:-1\" \/>\n<link rel=\"canonical\" href=\"https:\/\/fendaf.ee\/ru\/tovar\/wp-arthro-elastina-pulber-200g\/\" \/>\n<meta property=\"og:locale\" content=\"ru_RU\" \/>\n<meta property=\"og:type\" content=\"article\" \/>\n<meta property=\"og:title\" content=\"WP Arthro Elastina pulber, 200g - FendaF - \u0414\u0443\u043c\u0430\u044f \u043e \u0442\u0432\u043e\u0435\u043c \u043f\u0438\u0442\u043e\u043c\u0446\u043e\u043c!!\" \/>\n<meta property=\"og:description\" content=\"Arthro Elastina sobib toetamaks kutsika arengut v\u00f5i koeri, kes kannatavad puusa d\u00fcsplaasia, p\u00f5lve, k\u00fc\u00fcnarliigese v\u00f5i liigese probleemide k\u00e4es.\" \/>\n<meta property=\"og:url\" content=\"https:\/\/fendaf.ee\/ru\/tovar\/wp-arthro-elastina-pulber-200g\/\" \/>\n<meta property=\"og:site_name\" content=\"FendaF - \u0414\u0443\u043c\u0430\u044f \u043e \u0442\u0432\u043e\u0435\u043c \u043f\u0438\u0442\u043e\u043c\u0446\u043e\u043c!!\" \/>\n<meta property=\"article:publisher\" content=\"https:\/\/www.facebook.com\/fendafmaius\/\" \/>\n<meta property=\"article:modified_time\" content=\"2026-04-09T15:00:09+00:00\" \/>\n<meta property=\"og:image\" content=\"https:\/\/fendaf.ee\/wp-content\/uploads\/2020\/04\/arthro-elastina-200g-e1762257606546.jpg\" \/>\n\t<meta property=\"og:image:width\" content=\"200\" \/>\n\t<meta property=\"og:image:height\" content=\"200\" \/>\n\t<meta property=\"og:image:type\" content=\"image\/jpeg\" \/>\n<meta name=\"twitter:card\" content=\"summary_large_image\" \/>\n<meta name=\"twitter:label1\" content=\"\u041f\u0440\u0438\u043c\u0435\u0440\u043d\u043e\u0435 \u0432\u0440\u0435\u043c\u044f \u0434\u043b\u044f \u0447\u0442\u0435\u043d\u0438\u044f\" \/>\n\t<meta name=\"twitter:data1\" content=\"1 \u043c\u0438\u043d\u0443\u0442\u0430\" \/>\n<script type=\"application\/ld+json\" class=\"yoast-schema-graph\">{\"@context\":\"https:\/\/schema.org\",\"@graph\":[{\"@type\":[\"WebPage\",\"ItemPage\"],\"@id\":\"https:\/\/fendaf.ee\/ru\/tovar\/wp-arthro-elastina-pulber-200g\/\",\"url\":\"https:\/\/fendaf.ee\/ru\/tovar\/wp-arthro-elastina-pulber-200g\/\",\"name\":\"WP Arthro Elastina pulber, 200g - FendaF - \u0414\u0443\u043c\u0430\u044f \u043e \u0442\u0432\u043e\u0435\u043c \u043f\u0438\u0442\u043e\u043c\u0446\u043e\u043c!!\",\"isPartOf\":{\"@id\":\"https:\/\/fendaf.ee\/ru\/#website\"},\"primaryImageOfPage\":{\"@id\":\"https:\/\/fendaf.ee\/ru\/tovar\/wp-arthro-elastina-pulber-200g\/#primaryimage\"},\"image\":{\"@id\":\"https:\/\/fendaf.ee\/ru\/tovar\/wp-arthro-elastina-pulber-200g\/#primaryimage\"},\"thumbnailUrl\":\"https:\/\/fendaf.ee\/wp-content\/uploads\/2020\/04\/arthro-elastina-200g-e1762257606546.jpg\",\"datePublished\":\"2020-07-30T18:52:30+00:00\",\"dateModified\":\"2026-04-09T15:00:09+00:00\",\"description\":\"Arthro Elastina sobib toetamaks kutsika arengut v\u00f5i koeri, kes kannatavad puusa d\u00fcsplaasia, p\u00f5lve, k\u00fc\u00fcnarliigese v\u00f5i liigese probleemide k\u00e4es.\",\"breadcrumb\":{\"@id\":\"https:\/\/fendaf.ee\/ru\/tovar\/wp-arthro-elastina-pulber-200g\/#breadcrumb\"},\"inLanguage\":\"ru-RU\",\"potentialAction\":[{\"@type\":\"ReadAction\",\"target\":[\"https:\/\/fendaf.ee\/ru\/tovar\/wp-arthro-elastina-pulber-200g\/\"]}]},{\"@type\":\"ImageObject\",\"inLanguage\":\"ru-RU\",\"@id\":\"https:\/\/fendaf.ee\/ru\/tovar\/wp-arthro-elastina-pulber-200g\/#primaryimage\",\"url\":\"https:\/\/fendaf.ee\/wp-content\/uploads\/2020\/04\/arthro-elastina-200g-e1762257606546.jpg\",\"contentUrl\":\"https:\/\/fendaf.ee\/wp-content\/uploads\/2020\/04\/arthro-elastina-200g-e1762257606546.jpg\",\"width\":200,\"height\":200,\"caption\":\"arthro elastina 200g\"},{\"@type\":\"BreadcrumbList\",\"@id\":\"https:\/\/fendaf.ee\/ru\/tovar\/wp-arthro-elastina-pulber-200g\/#breadcrumb\",\"itemListElement\":[{\"@type\":\"ListItem\",\"position\":1,\"name\":\"Home\",\"item\":\"https:\/\/fendaf.ee\/ru\/\"},{\"@type\":\"ListItem\",\"position\":2,\"name\":\"\u041c\u0430\u0433\u0430\u0437\u0438\u043d\",\"item\":\"https:\/\/fendaf.ee\/ru\/shop\/\"},{\"@type\":\"ListItem\",\"position\":3,\"name\":\"WP Arthro Elastina pulber, 200g\"}]},{\"@type\":\"WebSite\",\"@id\":\"https:\/\/fendaf.ee\/ru\/#website\",\"url\":\"https:\/\/fendaf.ee\/ru\/\",\"name\":\"FendaF - \u0414\u0443\u043c\u0430\u044f \u043e \u0442\u0432\u043e\u0435\u043c \u043f\u0438\u0442\u043e\u043c\u0446\u043e\u043c!!\",\"description\":\"Maiused ja kvaliteetne kuivtoit Sinu lemmikule\",\"publisher\":{\"@id\":\"https:\/\/fendaf.ee\/ru\/#organization\"},\"potentialAction\":[{\"@type\":\"SearchAction\",\"target\":{\"@type\":\"EntryPoint\",\"urlTemplate\":\"https:\/\/fendaf.ee\/ru\/?s={search_term_string}\"},\"query-input\":{\"@type\":\"PropertyValueSpecification\",\"valueRequired\":true,\"valueName\":\"search_term_string\"}}],\"inLanguage\":\"ru-RU\"},{\"@type\":\"Organization\",\"@id\":\"https:\/\/fendaf.ee\/ru\/#organization\",\"name\":\"FendaF O\u00dc\",\"url\":\"https:\/\/fendaf.ee\/ru\/\",\"logo\":{\"@type\":\"ImageObject\",\"inLanguage\":\"ru-RU\",\"@id\":\"https:\/\/fendaf.ee\/ru\/#\/schema\/logo\/image\/\",\"url\":\"https:\/\/fendaf.ee\/wp-content\/uploads\/2020\/03\/Fendaf_logo_taustata.png\",\"contentUrl\":\"https:\/\/fendaf.ee\/wp-content\/uploads\/2020\/03\/Fendaf_logo_taustata.png\",\"width\":7262,\"height\":4799,\"caption\":\"FendaF O\u00dc\"},\"image\":{\"@id\":\"https:\/\/fendaf.ee\/ru\/#\/schema\/logo\/image\/\"},\"sameAs\":[\"https:\/\/www.facebook.com\/fendafmaius\/\",\"https:\/\/www.instagram.com\/fendaf.ee\/\",\"https:\/\/www.pinterest.com\/3a00893ff1d6c42bef9ee783f17b79\/\"]}]}<\/script>\n<!-- \/ Yoast SEO plugin. -->","yoast_head_json":{"title":"WP Arthro Elastina pulber, 200g - FendaF - \u0414\u0443\u043c\u0430\u044f \u043e \u0442\u0432\u043e\u0435\u043c \u043f\u0438\u0442\u043e\u043c\u0446\u043e\u043c!!","description":"Arthro Elastina sobib toetamaks kutsika arengut v\u00f5i koeri, kes kannatavad puusa d\u00fcsplaasia, p\u00f5lve, k\u00fc\u00fcnarliigese v\u00f5i liigese probleemide k\u00e4es.","robots":{"index":"index","follow":"follow","max-snippet":"max-snippet:-1","max-image-preview":"max-image-preview:large","max-video-preview":"max-video-preview:-1"},"canonical":"https:\/\/fendaf.ee\/ru\/tovar\/wp-arthro-elastina-pulber-200g\/","og_locale":"ru_RU","og_type":"article","og_title":"WP Arthro Elastina pulber, 200g - FendaF - \u0414\u0443\u043c\u0430\u044f \u043e \u0442\u0432\u043e\u0435\u043c \u043f\u0438\u0442\u043e\u043c\u0446\u043e\u043c!!","og_description":"Arthro Elastina sobib toetamaks kutsika arengut v\u00f5i koeri, kes kannatavad puusa d\u00fcsplaasia, p\u00f5lve, k\u00fc\u00fcnarliigese v\u00f5i liigese probleemide k\u00e4es.","og_url":"https:\/\/fendaf.ee\/ru\/tovar\/wp-arthro-elastina-pulber-200g\/","og_site_name":"FendaF - \u0414\u0443\u043c\u0430\u044f \u043e \u0442\u0432\u043e\u0435\u043c \u043f\u0438\u0442\u043e\u043c\u0446\u043e\u043c!!","article_publisher":"https:\/\/www.facebook.com\/fendafmaius\/","article_modified_time":"2026-04-09T15:00:09+00:00","og_image":[{"width":200,"height":200,"url":"https:\/\/fendaf.ee\/wp-content\/uploads\/2020\/04\/arthro-elastina-200g-e1762257606546.jpg","type":"image\/jpeg"}],"twitter_card":"summary_large_image","twitter_misc":{"\u041f\u0440\u0438\u043c\u0435\u0440\u043d\u043e\u0435 \u0432\u0440\u0435\u043c\u044f \u0434\u043b\u044f \u0447\u0442\u0435\u043d\u0438\u044f":"1 \u043c\u0438\u043d\u0443\u0442\u0430"},"schema":{"@context":"https:\/\/schema.org","@graph":[{"@type":["WebPage","ItemPage"],"@id":"https:\/\/fendaf.ee\/ru\/tovar\/wp-arthro-elastina-pulber-200g\/","url":"https:\/\/fendaf.ee\/ru\/tovar\/wp-arthro-elastina-pulber-200g\/","name":"WP Arthro Elastina pulber, 200g - FendaF - \u0414\u0443\u043c\u0430\u044f \u043e \u0442\u0432\u043e\u0435\u043c \u043f\u0438\u0442\u043e\u043c\u0446\u043e\u043c!!","isPartOf":{"@id":"https:\/\/fendaf.ee\/ru\/#website"},"primaryImageOfPage":{"@id":"https:\/\/fendaf.ee\/ru\/tovar\/wp-arthro-elastina-pulber-200g\/#primaryimage"},"image":{"@id":"https:\/\/fendaf.ee\/ru\/tovar\/wp-arthro-elastina-pulber-200g\/#primaryimage"},"thumbnailUrl":"https:\/\/fendaf.ee\/wp-content\/uploads\/2020\/04\/arthro-elastina-200g-e1762257606546.jpg","datePublished":"2020-07-30T18:52:30+00:00","dateModified":"2026-04-09T15:00:09+00:00","description":"Arthro Elastina sobib toetamaks kutsika arengut v\u00f5i koeri, kes kannatavad puusa d\u00fcsplaasia, p\u00f5lve, k\u00fc\u00fcnarliigese v\u00f5i liigese probleemide k\u00e4es.","breadcrumb":{"@id":"https:\/\/fendaf.ee\/ru\/tovar\/wp-arthro-elastina-pulber-200g\/#breadcrumb"},"inLanguage":"ru-RU","potentialAction":[{"@type":"ReadAction","target":["https:\/\/fendaf.ee\/ru\/tovar\/wp-arthro-elastina-pulber-200g\/"]}]},{"@type":"ImageObject","inLanguage":"ru-RU","@id":"https:\/\/fendaf.ee\/ru\/tovar\/wp-arthro-elastina-pulber-200g\/#primaryimage","url":"https:\/\/fendaf.ee\/wp-content\/uploads\/2020\/04\/arthro-elastina-200g-e1762257606546.jpg","contentUrl":"https:\/\/fendaf.ee\/wp-content\/uploads\/2020\/04\/arthro-elastina-200g-e1762257606546.jpg","width":200,"height":200,"caption":"arthro elastina 200g"},{"@type":"BreadcrumbList","@id":"https:\/\/fendaf.ee\/ru\/tovar\/wp-arthro-elastina-pulber-200g\/#breadcrumb","itemListElement":[{"@type":"ListItem","position":1,"name":"Home","item":"https:\/\/fendaf.ee\/ru\/"},{"@type":"ListItem","position":2,"name":"\u041c\u0430\u0433\u0430\u0437\u0438\u043d","item":"https:\/\/fendaf.ee\/ru\/shop\/"},{"@type":"ListItem","position":3,"name":"WP Arthro Elastina pulber, 200g"}]},{"@type":"WebSite","@id":"https:\/\/fendaf.ee\/ru\/#website","url":"https:\/\/fendaf.ee\/ru\/","name":"FendaF - \u0414\u0443\u043c\u0430\u044f \u043e \u0442\u0432\u043e\u0435\u043c \u043f\u0438\u0442\u043e\u043c\u0446\u043e\u043c!!","description":"Maiused ja kvaliteetne kuivtoit Sinu lemmikule","publisher":{"@id":"https:\/\/fendaf.ee\/ru\/#organization"},"potentialAction":[{"@type":"SearchAction","target":{"@type":"EntryPoint","urlTemplate":"https:\/\/fendaf.ee\/ru\/?s={search_term_string}"},"query-input":{"@type":"PropertyValueSpecification","valueRequired":true,"valueName":"search_term_string"}}],"inLanguage":"ru-RU"},{"@type":"Organization","@id":"https:\/\/fendaf.ee\/ru\/#organization","name":"FendaF O\u00dc","url":"https:\/\/fendaf.ee\/ru\/","logo":{"@type":"ImageObject","inLanguage":"ru-RU","@id":"https:\/\/fendaf.ee\/ru\/#\/schema\/logo\/image\/","url":"https:\/\/fendaf.ee\/wp-content\/uploads\/2020\/03\/Fendaf_logo_taustata.png","contentUrl":"https:\/\/fendaf.ee\/wp-content\/uploads\/2020\/03\/Fendaf_logo_taustata.png","width":7262,"height":4799,"caption":"FendaF O\u00dc"},"image":{"@id":"https:\/\/fendaf.ee\/ru\/#\/schema\/logo\/image\/"},"sameAs":["https:\/\/www.facebook.com\/fendafmaius\/","https:\/\/www.instagram.com\/fendaf.ee\/","https:\/\/www.pinterest.com\/3a00893ff1d6c42bef9ee783f17b79\/"]}]}},"jetpack_sharing_enabled":true,"_links":{"self":[{"href":"https:\/\/fendaf.ee\/ru\/wp-json\/wp\/v2\/product\/172488","targetHints":{"allow":["GET"]}}],"collection":[{"href":"https:\/\/fendaf.ee\/ru\/wp-json\/wp\/v2\/product"}],"about":[{"href":"https:\/\/fendaf.ee\/ru\/wp-json\/wp\/v2\/types\/product"}],"replies":[{"embeddable":true,"href":"https:\/\/fendaf.ee\/ru\/wp-json\/wp\/v2\/comments?post=172488"}],"wp:featuredmedia":[{"embeddable":true,"href":"https:\/\/fendaf.ee\/ru\/wp-json\/wp\/v2\/media\/186014"}],"wp:attachment":[{"href":"https:\/\/fendaf.ee\/ru\/wp-json\/wp\/v2\/media?parent=172488"}],"wp:term":[{"taxonomy":"product_brand","embeddable":true,"href":"https:\/\/fendaf.ee\/ru\/wp-json\/wp\/v2\/product_brand?post=172488"},{"taxonomy":"product_cat","embeddable":true,"href":"https:\/\/fendaf.ee\/ru\/wp-json\/wp\/v2\/product_cat?post=172488"},{"taxonomy":"product_tag","embeddable":true,"href":"https:\/\/fendaf.ee\/ru\/wp-json\/wp\/v2\/product_tag?post=172488"}],"curies":[{"name":"wp","href":"https:\/\/api.w.org\/{rel}","templated":true}]}}