{"id":172974,"date":"2020-09-30T21:00:04","date_gmt":"2020-09-30T18:00:04","guid":{"rendered":"https:\/\/fendaf.ee\/product\/ternespiimapulber-50g\/"},"modified":"2026-04-09T04:00:16","modified_gmt":"2026-04-09T01:00:16","slug":"ternespiimapulber-50g","status":"publish","type":"product","link":"https:\/\/fendaf.ee\/ru\/tovar\/ternespiimapulber-50g\/","title":{"rendered":"Ternespiima pulber 50g"},"content":{"rendered":"<p>Ternespiim ehk kolostrum on imetajail esimestel p\u00e4evadel p\u00e4rast s\u00fcnnitust erituv piim. Ternespiim on kollasem ja sisaldab rohkem valke, mineraalaineid ja rasvu, lisaks on ternespiimas ka palju nakkusvastaseid kolostraalkehakesi.<\/p>\n<p>Ternespiima pulber on k\u00f5rge valgusisaldusega toiduaine, milles valk moodustab v\u00e4hemalt 20% toote energiasisaldusest. K\u00f5rge valgusisaldus soodustab lihaste kasvu ja aitab hoida luid. Enam kui poole ternespiima valgust moodustavad immuunglobuliinid ehk t\u00f5vestavate mikroobide vastased antikehad (IgA, IgG1, IgG2, IgM). Bioaktiivsetest valgulistest \u00fchenditest leidub lehma ternespiimas veel proliinirikkaid peptiide (PRP), laktoferriini (LF), kasvufaktoreid (IGF-I, IGF-II, TGF-b, EGF), mis on evolutsiooni k\u00e4igus loodud tugevdama immuuns\u00fcsteemi, soodustama kudede kasvu, limaskestade arengut jms.<\/p>\n<p><strong>Annustamine<\/strong><\/p>\n<p>Anna 1\/8 tl ternespiimapulbrit iga 11 kg kehakaalu kohta \u00fcks korda p\u00e4evas.<\/p>\n<p>Ternespiima on k\u00f5ige parem anda t\u00fchjale k\u00f5hule, kuid seda v\u00f5ib anda ka v\u00e4hese kogusega jogurti, keefiri v\u00f5i puljongiga. Soovitus on anda v\u00e4hemalt 30 minutit enne toitu.<\/p>\n<p>Anna ternespiima v\u00e4hemalt \u00fche kuu jooksul, seej\u00e4rel vastavalt vajadusele.<\/p>\n<p>NB! M\u00f5ned koerad on piimatoodete suhtes tundlikud. Kuna ternespiim tuleb piimast v\u00f5ib tundlik koer sellele ka reageerida. \u00dcldiselt on ternespiim veiseliha talumatusega koertele ohutu, kuid uuringud n\u00e4itavad, et m\u00f5nedel v\u00f5ib allergia olla tugevam. Seega, kui koer on veiseliha suhtes tundlik, veendu, et ta talub piimatooteid.<\/p>\n<p><strong>PARIM ENNE: 30.07.2027<\/strong><\/p>\n","protected":false},"excerpt":{"rendered":"<p>Ternespiim ehk kolostrum on imetajail esimestel p\u00e4evadel p\u00e4rast s\u00fcnnitust erituv piim. Ternespiim on kollasem ja sisaldab rohkem valke, mineraalaineid ja rasvu, lisaks on ternespiimas ka palju nakkusvastaseid kolostraalkehakesi. Ternespiima pulber on k\u00f5rge valgusisaldusega toiduaine, milles valk moodustab v\u00e4hemalt 20% toote energiasisaldusest. K\u00f5rge valgusisaldus soodustab lihaste kasvu ja aitab hoida luid. Enam kui poole ternespiima valgust [&hellip;]<\/p>\n","protected":false},"featured_media":186005,"comment_status":"open","ping_status":"closed","template":"","meta":{"_acf_changed":false},"product_brand":[],"product_cat":[422,421],"product_tag":[],"class_list":{"0":"post-172974","1":"product","2":"type-product","3":"status-publish","4":"has-post-thumbnail","6":"product_cat-toidulisandid_koertele","7":"product_cat-taiendsoot","9":"first","10":"instock","11":"taxable","12":"shipping-taxable","13":"purchasable","14":"product-type-simple"},"acf":[],"yoast_head":"<!-- This site is optimized with the Yoast SEO plugin v27.0 - https:\/\/yoast.com\/product\/yoast-seo-wordpress\/ -->\n<title>Ternespiima pulber 50g - FendaF - \u0414\u0443\u043c\u0430\u044f \u043e \u0442\u0432\u043e\u0435\u043c \u043f\u0438\u0442\u043e\u043c\u0446\u043e\u043c!!<\/title>\n<meta name=\"description\" content=\"Ternespiim on on imetajail esimestel p\u00e4evadel p\u00e4rast s\u00fcnnitust erituv piim. Enam kui poole ternespiima valgust moodustavad immuunglobuliinid.\" \/>\n<meta name=\"robots\" content=\"index, follow, max-snippet:-1, max-image-preview:large, max-video-preview:-1\" \/>\n<link rel=\"canonical\" href=\"https:\/\/fendaf.ee\/ru\/tovar\/ternespiimapulber-50g\/\" \/>\n<meta property=\"og:locale\" content=\"ru_RU\" \/>\n<meta property=\"og:type\" content=\"article\" \/>\n<meta property=\"og:title\" content=\"Ternespiima pulber 50g - FendaF - \u0414\u0443\u043c\u0430\u044f \u043e \u0442\u0432\u043e\u0435\u043c \u043f\u0438\u0442\u043e\u043c\u0446\u043e\u043c!!\" \/>\n<meta property=\"og:description\" content=\"Ternespiim on on imetajail esimestel p\u00e4evadel p\u00e4rast s\u00fcnnitust erituv piim. Enam kui poole ternespiima valgust moodustavad immuunglobuliinid.\" \/>\n<meta property=\"og:url\" content=\"https:\/\/fendaf.ee\/ru\/tovar\/ternespiimapulber-50g\/\" \/>\n<meta property=\"og:site_name\" content=\"FendaF - \u0414\u0443\u043c\u0430\u044f \u043e \u0442\u0432\u043e\u0435\u043c \u043f\u0438\u0442\u043e\u043c\u0446\u043e\u043c!!\" \/>\n<meta property=\"article:publisher\" content=\"https:\/\/www.facebook.com\/fendafmaius\/\" \/>\n<meta property=\"article:modified_time\" content=\"2026-04-09T01:00:16+00:00\" \/>\n<meta property=\"og:image\" content=\"https:\/\/fendaf.ee\/wp-content\/uploads\/2020\/09\/ternespiim-e1762256944362.jpg\" \/>\n\t<meta property=\"og:image:width\" content=\"200\" \/>\n\t<meta property=\"og:image:height\" content=\"200\" \/>\n\t<meta property=\"og:image:type\" content=\"image\/jpeg\" \/>\n<meta name=\"twitter:card\" content=\"summary_large_image\" \/>\n<meta name=\"twitter:label1\" content=\"\u041f\u0440\u0438\u043c\u0435\u0440\u043d\u043e\u0435 \u0432\u0440\u0435\u043c\u044f \u0434\u043b\u044f \u0447\u0442\u0435\u043d\u0438\u044f\" \/>\n\t<meta name=\"twitter:data1\" content=\"2 \u043c\u0438\u043d\u0443\u0442\u044b\" \/>\n<script type=\"application\/ld+json\" class=\"yoast-schema-graph\">{\"@context\":\"https:\/\/schema.org\",\"@graph\":[{\"@type\":[\"WebPage\",\"ItemPage\"],\"@id\":\"https:\/\/fendaf.ee\/ru\/tovar\/ternespiimapulber-50g\/\",\"url\":\"https:\/\/fendaf.ee\/ru\/tovar\/ternespiimapulber-50g\/\",\"name\":\"Ternespiima pulber 50g - FendaF - \u0414\u0443\u043c\u0430\u044f \u043e \u0442\u0432\u043e\u0435\u043c \u043f\u0438\u0442\u043e\u043c\u0446\u043e\u043c!!\",\"isPartOf\":{\"@id\":\"https:\/\/fendaf.ee\/ru\/#website\"},\"primaryImageOfPage\":{\"@id\":\"https:\/\/fendaf.ee\/ru\/tovar\/ternespiimapulber-50g\/#primaryimage\"},\"image\":{\"@id\":\"https:\/\/fendaf.ee\/ru\/tovar\/ternespiimapulber-50g\/#primaryimage\"},\"thumbnailUrl\":\"https:\/\/fendaf.ee\/wp-content\/uploads\/2020\/09\/ternespiim-e1762256944362.jpg\",\"datePublished\":\"2020-09-30T18:00:04+00:00\",\"dateModified\":\"2026-04-09T01:00:16+00:00\",\"description\":\"Ternespiim on on imetajail esimestel p\u00e4evadel p\u00e4rast s\u00fcnnitust erituv piim. Enam kui poole ternespiima valgust moodustavad immuunglobuliinid.\",\"breadcrumb\":{\"@id\":\"https:\/\/fendaf.ee\/ru\/tovar\/ternespiimapulber-50g\/#breadcrumb\"},\"inLanguage\":\"ru-RU\",\"potentialAction\":[{\"@type\":\"ReadAction\",\"target\":[\"https:\/\/fendaf.ee\/ru\/tovar\/ternespiimapulber-50g\/\"]}]},{\"@type\":\"ImageObject\",\"inLanguage\":\"ru-RU\",\"@id\":\"https:\/\/fendaf.ee\/ru\/tovar\/ternespiimapulber-50g\/#primaryimage\",\"url\":\"https:\/\/fendaf.ee\/wp-content\/uploads\/2020\/09\/ternespiim-e1762256944362.jpg\",\"contentUrl\":\"https:\/\/fendaf.ee\/wp-content\/uploads\/2020\/09\/ternespiim-e1762256944362.jpg\",\"width\":200,\"height\":200,\"caption\":\"ternespiim\"},{\"@type\":\"BreadcrumbList\",\"@id\":\"https:\/\/fendaf.ee\/ru\/tovar\/ternespiimapulber-50g\/#breadcrumb\",\"itemListElement\":[{\"@type\":\"ListItem\",\"position\":1,\"name\":\"Home\",\"item\":\"https:\/\/fendaf.ee\/ru\/\"},{\"@type\":\"ListItem\",\"position\":2,\"name\":\"\u041c\u0430\u0433\u0430\u0437\u0438\u043d\",\"item\":\"https:\/\/fendaf.ee\/ru\/shop\/\"},{\"@type\":\"ListItem\",\"position\":3,\"name\":\"Ternespiima pulber 50g\"}]},{\"@type\":\"WebSite\",\"@id\":\"https:\/\/fendaf.ee\/ru\/#website\",\"url\":\"https:\/\/fendaf.ee\/ru\/\",\"name\":\"FendaF - \u0414\u0443\u043c\u0430\u044f \u043e \u0442\u0432\u043e\u0435\u043c \u043f\u0438\u0442\u043e\u043c\u0446\u043e\u043c!!\",\"description\":\"Maiused ja kvaliteetne kuivtoit Sinu lemmikule\",\"publisher\":{\"@id\":\"https:\/\/fendaf.ee\/ru\/#organization\"},\"potentialAction\":[{\"@type\":\"SearchAction\",\"target\":{\"@type\":\"EntryPoint\",\"urlTemplate\":\"https:\/\/fendaf.ee\/ru\/?s={search_term_string}\"},\"query-input\":{\"@type\":\"PropertyValueSpecification\",\"valueRequired\":true,\"valueName\":\"search_term_string\"}}],\"inLanguage\":\"ru-RU\"},{\"@type\":\"Organization\",\"@id\":\"https:\/\/fendaf.ee\/ru\/#organization\",\"name\":\"FendaF O\u00dc\",\"url\":\"https:\/\/fendaf.ee\/ru\/\",\"logo\":{\"@type\":\"ImageObject\",\"inLanguage\":\"ru-RU\",\"@id\":\"https:\/\/fendaf.ee\/ru\/#\/schema\/logo\/image\/\",\"url\":\"https:\/\/fendaf.ee\/wp-content\/uploads\/2020\/03\/Fendaf_logo_taustata.png\",\"contentUrl\":\"https:\/\/fendaf.ee\/wp-content\/uploads\/2020\/03\/Fendaf_logo_taustata.png\",\"width\":7262,\"height\":4799,\"caption\":\"FendaF O\u00dc\"},\"image\":{\"@id\":\"https:\/\/fendaf.ee\/ru\/#\/schema\/logo\/image\/\"},\"sameAs\":[\"https:\/\/www.facebook.com\/fendafmaius\/\",\"https:\/\/www.instagram.com\/fendaf.ee\/\",\"https:\/\/www.pinterest.com\/3a00893ff1d6c42bef9ee783f17b79\/\"]}]}<\/script>\n<!-- \/ Yoast SEO plugin. -->","yoast_head_json":{"title":"Ternespiima pulber 50g - FendaF - \u0414\u0443\u043c\u0430\u044f \u043e \u0442\u0432\u043e\u0435\u043c \u043f\u0438\u0442\u043e\u043c\u0446\u043e\u043c!!","description":"Ternespiim on on imetajail esimestel p\u00e4evadel p\u00e4rast s\u00fcnnitust erituv piim. Enam kui poole ternespiima valgust moodustavad immuunglobuliinid.","robots":{"index":"index","follow":"follow","max-snippet":"max-snippet:-1","max-image-preview":"max-image-preview:large","max-video-preview":"max-video-preview:-1"},"canonical":"https:\/\/fendaf.ee\/ru\/tovar\/ternespiimapulber-50g\/","og_locale":"ru_RU","og_type":"article","og_title":"Ternespiima pulber 50g - FendaF - \u0414\u0443\u043c\u0430\u044f \u043e \u0442\u0432\u043e\u0435\u043c \u043f\u0438\u0442\u043e\u043c\u0446\u043e\u043c!!","og_description":"Ternespiim on on imetajail esimestel p\u00e4evadel p\u00e4rast s\u00fcnnitust erituv piim. Enam kui poole ternespiima valgust moodustavad immuunglobuliinid.","og_url":"https:\/\/fendaf.ee\/ru\/tovar\/ternespiimapulber-50g\/","og_site_name":"FendaF - \u0414\u0443\u043c\u0430\u044f \u043e \u0442\u0432\u043e\u0435\u043c \u043f\u0438\u0442\u043e\u043c\u0446\u043e\u043c!!","article_publisher":"https:\/\/www.facebook.com\/fendafmaius\/","article_modified_time":"2026-04-09T01:00:16+00:00","og_image":[{"width":200,"height":200,"url":"https:\/\/fendaf.ee\/wp-content\/uploads\/2020\/09\/ternespiim-e1762256944362.jpg","type":"image\/jpeg"}],"twitter_card":"summary_large_image","twitter_misc":{"\u041f\u0440\u0438\u043c\u0435\u0440\u043d\u043e\u0435 \u0432\u0440\u0435\u043c\u044f \u0434\u043b\u044f \u0447\u0442\u0435\u043d\u0438\u044f":"2 \u043c\u0438\u043d\u0443\u0442\u044b"},"schema":{"@context":"https:\/\/schema.org","@graph":[{"@type":["WebPage","ItemPage"],"@id":"https:\/\/fendaf.ee\/ru\/tovar\/ternespiimapulber-50g\/","url":"https:\/\/fendaf.ee\/ru\/tovar\/ternespiimapulber-50g\/","name":"Ternespiima pulber 50g - FendaF - \u0414\u0443\u043c\u0430\u044f \u043e \u0442\u0432\u043e\u0435\u043c \u043f\u0438\u0442\u043e\u043c\u0446\u043e\u043c!!","isPartOf":{"@id":"https:\/\/fendaf.ee\/ru\/#website"},"primaryImageOfPage":{"@id":"https:\/\/fendaf.ee\/ru\/tovar\/ternespiimapulber-50g\/#primaryimage"},"image":{"@id":"https:\/\/fendaf.ee\/ru\/tovar\/ternespiimapulber-50g\/#primaryimage"},"thumbnailUrl":"https:\/\/fendaf.ee\/wp-content\/uploads\/2020\/09\/ternespiim-e1762256944362.jpg","datePublished":"2020-09-30T18:00:04+00:00","dateModified":"2026-04-09T01:00:16+00:00","description":"Ternespiim on on imetajail esimestel p\u00e4evadel p\u00e4rast s\u00fcnnitust erituv piim. Enam kui poole ternespiima valgust moodustavad immuunglobuliinid.","breadcrumb":{"@id":"https:\/\/fendaf.ee\/ru\/tovar\/ternespiimapulber-50g\/#breadcrumb"},"inLanguage":"ru-RU","potentialAction":[{"@type":"ReadAction","target":["https:\/\/fendaf.ee\/ru\/tovar\/ternespiimapulber-50g\/"]}]},{"@type":"ImageObject","inLanguage":"ru-RU","@id":"https:\/\/fendaf.ee\/ru\/tovar\/ternespiimapulber-50g\/#primaryimage","url":"https:\/\/fendaf.ee\/wp-content\/uploads\/2020\/09\/ternespiim-e1762256944362.jpg","contentUrl":"https:\/\/fendaf.ee\/wp-content\/uploads\/2020\/09\/ternespiim-e1762256944362.jpg","width":200,"height":200,"caption":"ternespiim"},{"@type":"BreadcrumbList","@id":"https:\/\/fendaf.ee\/ru\/tovar\/ternespiimapulber-50g\/#breadcrumb","itemListElement":[{"@type":"ListItem","position":1,"name":"Home","item":"https:\/\/fendaf.ee\/ru\/"},{"@type":"ListItem","position":2,"name":"\u041c\u0430\u0433\u0430\u0437\u0438\u043d","item":"https:\/\/fendaf.ee\/ru\/shop\/"},{"@type":"ListItem","position":3,"name":"Ternespiima pulber 50g"}]},{"@type":"WebSite","@id":"https:\/\/fendaf.ee\/ru\/#website","url":"https:\/\/fendaf.ee\/ru\/","name":"FendaF - \u0414\u0443\u043c\u0430\u044f \u043e \u0442\u0432\u043e\u0435\u043c \u043f\u0438\u0442\u043e\u043c\u0446\u043e\u043c!!","description":"Maiused ja kvaliteetne kuivtoit Sinu lemmikule","publisher":{"@id":"https:\/\/fendaf.ee\/ru\/#organization"},"potentialAction":[{"@type":"SearchAction","target":{"@type":"EntryPoint","urlTemplate":"https:\/\/fendaf.ee\/ru\/?s={search_term_string}"},"query-input":{"@type":"PropertyValueSpecification","valueRequired":true,"valueName":"search_term_string"}}],"inLanguage":"ru-RU"},{"@type":"Organization","@id":"https:\/\/fendaf.ee\/ru\/#organization","name":"FendaF O\u00dc","url":"https:\/\/fendaf.ee\/ru\/","logo":{"@type":"ImageObject","inLanguage":"ru-RU","@id":"https:\/\/fendaf.ee\/ru\/#\/schema\/logo\/image\/","url":"https:\/\/fendaf.ee\/wp-content\/uploads\/2020\/03\/Fendaf_logo_taustata.png","contentUrl":"https:\/\/fendaf.ee\/wp-content\/uploads\/2020\/03\/Fendaf_logo_taustata.png","width":7262,"height":4799,"caption":"FendaF O\u00dc"},"image":{"@id":"https:\/\/fendaf.ee\/ru\/#\/schema\/logo\/image\/"},"sameAs":["https:\/\/www.facebook.com\/fendafmaius\/","https:\/\/www.instagram.com\/fendaf.ee\/","https:\/\/www.pinterest.com\/3a00893ff1d6c42bef9ee783f17b79\/"]}]}},"jetpack_sharing_enabled":true,"_links":{"self":[{"href":"https:\/\/fendaf.ee\/ru\/wp-json\/wp\/v2\/product\/172974","targetHints":{"allow":["GET"]}}],"collection":[{"href":"https:\/\/fendaf.ee\/ru\/wp-json\/wp\/v2\/product"}],"about":[{"href":"https:\/\/fendaf.ee\/ru\/wp-json\/wp\/v2\/types\/product"}],"replies":[{"embeddable":true,"href":"https:\/\/fendaf.ee\/ru\/wp-json\/wp\/v2\/comments?post=172974"}],"wp:featuredmedia":[{"embeddable":true,"href":"https:\/\/fendaf.ee\/ru\/wp-json\/wp\/v2\/media\/186005"}],"wp:attachment":[{"href":"https:\/\/fendaf.ee\/ru\/wp-json\/wp\/v2\/media?parent=172974"}],"wp:term":[{"taxonomy":"product_brand","embeddable":true,"href":"https:\/\/fendaf.ee\/ru\/wp-json\/wp\/v2\/product_brand?post=172974"},{"taxonomy":"product_cat","embeddable":true,"href":"https:\/\/fendaf.ee\/ru\/wp-json\/wp\/v2\/product_cat?post=172974"},{"taxonomy":"product_tag","embeddable":true,"href":"https:\/\/fendaf.ee\/ru\/wp-json\/wp\/v2\/product_tag?post=172974"}],"curies":[{"name":"wp","href":"https:\/\/api.w.org\/{rel}","templated":true}]}}