{"id":174766,"date":"2021-03-31T10:42:32","date_gmt":"2021-03-31T07:42:32","guid":{"rendered":"https:\/\/fendaf.ee\/?post_type=product&#038;p=174766"},"modified":"2026-04-09T18:00:14","modified_gmt":"2026-04-09T15:00:14","slug":"kohu-heaolu-600g","status":"publish","type":"product","link":"https:\/\/fendaf.ee\/ru\/tovar\/kohu-heaolu-600g\/","title":{"rendered":"K\u00f5hu heaolu (600g)"},"content":{"rendered":"<p>Toidulisandis sisalduvad looduslikud \u00fcrdid ja vulkaanilise p\u00e4ritoluga mineraalid tagavad v\u00f5rdse tasakaalu nii maos kui seedetraktis. V\u00f5ib kasutada k\u00f5ikide t\u00f5ugude puhul, kutsikatest kuni seenioriteni v\u00e4lja. Sobilik muuhulgas ka kassidele!<\/p>\n<p>Soovitus kasutamiseks:<\/p>\n<ul>\n<li>mao liigne happesus &#8212; neutraliseerib liigse happe<\/li>\n<li>liigne rohu s\u00f6\u00f6mine ning seej\u00e4rel lima oksendamine<\/li>\n<li>rahustab magu ning imeb endasse saasteaineid<\/li>\n<li>v\u00e4hendab k\u00f5hulahtisust ning parandab v\u00e4ljaheite konsistentsi<\/li>\n<li>parandab seedetrakti tervist<\/li>\n<\/ul>\n<p>Paljud koerad on h\u00e4das mao \u00fclihappesusega ning kipuvad oksendama kollakat lima, peamiselt varahommikul, kui nad on olnud pikka aega s\u00f6\u00f6mata. Tavaliselt eelneb sellele ka massiivne rohu s\u00f6\u00f6mine.<\/p>\n<p>Ameerika punase jalaka jahvatatud koor moodustab lima, mis katab mao limaskesta nagu kaitsekile ning rahustab seda. M\u00f5ruained, parkhape, inuliin ja lima, mis sisaldub \u00fcrtides nagu maasapp ning emajuur \u00fchtlasi toetavad \u00e4rritunud magu ning pakuvad leevendust. Vesim\u00fcndist p\u00e4rit eeterlikud \u00f5lid ning mentool omavad samuti positiivset m\u00f5ju mao keskkonnale.<\/p>\n<p>Looduslik tseoliit seob saasteaineid nagu mikroobe ja toksiine t\u00e4nu oma tugevale imendumisv\u00f5imele. K\u00f5rge katioonivahetusv\u00f5imsus neutraliseerib liigse happe ning omab positiivset m\u00f5ju mao keskkonnale. Looduslik savimineraal bentoniit seob saasteaineid ning parandab v\u00e4ljaheite konsistentsi, mis muuhulgas omab positiivset m\u00f5ju p\u00e4rakupaunade t\u00fchjendamisele. Tseoliit ja bentoniit stabiliseerivad v\u00e4ljaheite konsistentsi ning seel\u00e4bi neutraliseerib k\u00f5hulahtisuse ning pehme v\u00e4ljaheite.<\/p>\n<p>WINNER PLUS k\u00f5hu heaolu rahustab seedetrakti ja stabiliseerib magu ning tagab soolestikufloora loomuliku tasakaalu edendades seel\u00e4bi seedetrakti tervist.<\/p>\n<p>100% looduslik toode &#8212; ilma lisa- ja s\u00e4ilitusaineteta.<\/p>\n<p><strong>Soovituslik kasutamine:<\/strong><\/p>\n<p>Iga 10 kilo kehakaalu kohta 1\/2 teelusikat\u00e4it (1 teelusikat\u00e4is = u. 5g)<\/p>\n<p>Mitte \u00fcletada maksimumkogust 4 teelusikat\u00e4it p\u00e4evas!<\/p>\n<p>Sega soovituslik kogus toiduga kuurina 4 n\u00e4dalat v\u00f5i kauem, kui see on vajalik. Segades seda kuivtoiduga, sega pulber veega.<\/p>\n<p>Ei tohi kasutada tiinuse ajal!<\/p>\n<p>Kui koerale\/kassile antakse samaaegselt m\u00f5nda ravimit, peab ravimi ja toidulisandi andmise vahele j\u00e4\u00e4ma v\u00e4hemalt 2 tundi!<\/p>\n<p><strong>PARIM ENNE: 11\/2026<\/strong><\/p>\n","protected":false},"excerpt":{"rendered":"<p>Toidulisandis sisalduvad looduslikud \u00fcrdid ja vulkaanilise p\u00e4ritoluga mineraalid tagavad v\u00f5rdse tasakaalu nii maos kui seedetraktis. V\u00f5ib kasutada k\u00f5ikide t\u00f5ugude puhul, kutsikatest kuni seenioriteni v\u00e4lja. Sobilik muuhulgas ka kassidele! Soovitus kasutamiseks: mao liigne happesus &#8212; neutraliseerib liigse happe liigne rohu s\u00f6\u00f6mine ning seej\u00e4rel lima oksendamine rahustab magu ning imeb endasse saasteaineid v\u00e4hendab k\u00f5hulahtisust ning parandab v\u00e4ljaheite [&hellip;]<\/p>\n","protected":false},"featured_media":186002,"comment_status":"open","ping_status":"closed","template":"","meta":{"_acf_changed":false},"product_brand":[],"product_cat":[423,422,421],"product_tag":[],"class_list":{"0":"post-174766","1":"product","2":"type-product","3":"status-publish","4":"has-post-thumbnail","6":"product_cat-kassidele","7":"product_cat-toidulisandid_koertele","8":"product_cat-taiendsoot","10":"first","11":"outofstock","12":"taxable","13":"shipping-taxable","14":"purchasable","15":"product-type-simple"},"acf":[],"yoast_head":"<!-- This site is optimized with the Yoast SEO plugin v27.0 - https:\/\/yoast.com\/product\/yoast-seo-wordpress\/ -->\n<title>K\u00f5hu heaolu (600g) - FendaF - \u0414\u0443\u043c\u0430\u044f \u043e \u0442\u0432\u043e\u0435\u043c \u043f\u0438\u0442\u043e\u043c\u0446\u043e\u043c!!<\/title>\n<meta name=\"description\" content=\"K\u00f5hu heaolu on looduslik abivahend k\u00f5hulahtisuse ja mao liigse happesuse korral. Lisaks aitab parandada seedetrakti tervist.\" \/>\n<meta name=\"robots\" content=\"index, follow, max-snippet:-1, max-image-preview:large, max-video-preview:-1\" \/>\n<link rel=\"canonical\" href=\"https:\/\/fendaf.ee\/ru\/tovar\/kohu-heaolu-600g\/\" \/>\n<meta property=\"og:locale\" content=\"ru_RU\" \/>\n<meta property=\"og:type\" content=\"article\" \/>\n<meta property=\"og:title\" content=\"K\u00f5hu heaolu (600g) - FendaF - \u0414\u0443\u043c\u0430\u044f \u043e \u0442\u0432\u043e\u0435\u043c \u043f\u0438\u0442\u043e\u043c\u0446\u043e\u043c!!\" \/>\n<meta property=\"og:description\" content=\"K\u00f5hu heaolu on looduslik abivahend k\u00f5hulahtisuse ja mao liigse happesuse korral. Lisaks aitab parandada seedetrakti tervist.\" \/>\n<meta property=\"og:url\" content=\"https:\/\/fendaf.ee\/ru\/tovar\/kohu-heaolu-600g\/\" \/>\n<meta property=\"og:site_name\" content=\"FendaF - \u0414\u0443\u043c\u0430\u044f \u043e \u0442\u0432\u043e\u0435\u043c \u043f\u0438\u0442\u043e\u043c\u0446\u043e\u043c!!\" \/>\n<meta property=\"article:publisher\" content=\"https:\/\/www.facebook.com\/fendafmaius\/\" \/>\n<meta property=\"article:modified_time\" content=\"2026-04-09T15:00:14+00:00\" \/>\n<meta property=\"og:image\" content=\"https:\/\/fendaf.ee\/wp-content\/uploads\/2021\/03\/kohu-heaolu-e1762256669917.jpg\" \/>\n\t<meta property=\"og:image:width\" content=\"200\" \/>\n\t<meta property=\"og:image:height\" content=\"267\" \/>\n\t<meta property=\"og:image:type\" content=\"image\/jpeg\" \/>\n<meta name=\"twitter:card\" content=\"summary_large_image\" \/>\n<meta name=\"twitter:label1\" content=\"\u041f\u0440\u0438\u043c\u0435\u0440\u043d\u043e\u0435 \u0432\u0440\u0435\u043c\u044f \u0434\u043b\u044f \u0447\u0442\u0435\u043d\u0438\u044f\" \/>\n\t<meta name=\"twitter:data1\" content=\"2 \u043c\u0438\u043d\u0443\u0442\u044b\" \/>\n<script type=\"application\/ld+json\" class=\"yoast-schema-graph\">{\"@context\":\"https:\/\/schema.org\",\"@graph\":[{\"@type\":[\"WebPage\",\"ItemPage\"],\"@id\":\"https:\/\/fendaf.ee\/ru\/tovar\/kohu-heaolu-600g\/\",\"url\":\"https:\/\/fendaf.ee\/ru\/tovar\/kohu-heaolu-600g\/\",\"name\":\"K\u00f5hu heaolu (600g) - FendaF - \u0414\u0443\u043c\u0430\u044f \u043e \u0442\u0432\u043e\u0435\u043c \u043f\u0438\u0442\u043e\u043c\u0446\u043e\u043c!!\",\"isPartOf\":{\"@id\":\"https:\/\/fendaf.ee\/ru\/#website\"},\"primaryImageOfPage\":{\"@id\":\"https:\/\/fendaf.ee\/ru\/tovar\/kohu-heaolu-600g\/#primaryimage\"},\"image\":{\"@id\":\"https:\/\/fendaf.ee\/ru\/tovar\/kohu-heaolu-600g\/#primaryimage\"},\"thumbnailUrl\":\"https:\/\/fendaf.ee\/wp-content\/uploads\/2021\/03\/kohu-heaolu-e1762256669917.jpg\",\"datePublished\":\"2021-03-31T07:42:32+00:00\",\"dateModified\":\"2026-04-09T15:00:14+00:00\",\"description\":\"K\u00f5hu heaolu on looduslik abivahend k\u00f5hulahtisuse ja mao liigse happesuse korral. Lisaks aitab parandada seedetrakti tervist.\",\"breadcrumb\":{\"@id\":\"https:\/\/fendaf.ee\/ru\/tovar\/kohu-heaolu-600g\/#breadcrumb\"},\"inLanguage\":\"ru-RU\",\"potentialAction\":[{\"@type\":\"ReadAction\",\"target\":[\"https:\/\/fendaf.ee\/ru\/tovar\/kohu-heaolu-600g\/\"]}]},{\"@type\":\"ImageObject\",\"inLanguage\":\"ru-RU\",\"@id\":\"https:\/\/fendaf.ee\/ru\/tovar\/kohu-heaolu-600g\/#primaryimage\",\"url\":\"https:\/\/fendaf.ee\/wp-content\/uploads\/2021\/03\/kohu-heaolu-e1762256669917.jpg\",\"contentUrl\":\"https:\/\/fendaf.ee\/wp-content\/uploads\/2021\/03\/kohu-heaolu-e1762256669917.jpg\",\"width\":200,\"height\":267,\"caption\":\"k\u00f5hu heaolu\"},{\"@type\":\"BreadcrumbList\",\"@id\":\"https:\/\/fendaf.ee\/ru\/tovar\/kohu-heaolu-600g\/#breadcrumb\",\"itemListElement\":[{\"@type\":\"ListItem\",\"position\":1,\"name\":\"Home\",\"item\":\"https:\/\/fendaf.ee\/ru\/\"},{\"@type\":\"ListItem\",\"position\":2,\"name\":\"\u041c\u0430\u0433\u0430\u0437\u0438\u043d\",\"item\":\"https:\/\/fendaf.ee\/ru\/shop\/\"},{\"@type\":\"ListItem\",\"position\":3,\"name\":\"K\u00f5hu heaolu (600g)\"}]},{\"@type\":\"WebSite\",\"@id\":\"https:\/\/fendaf.ee\/ru\/#website\",\"url\":\"https:\/\/fendaf.ee\/ru\/\",\"name\":\"FendaF - \u0414\u0443\u043c\u0430\u044f \u043e \u0442\u0432\u043e\u0435\u043c \u043f\u0438\u0442\u043e\u043c\u0446\u043e\u043c!!\",\"description\":\"Maiused ja kvaliteetne kuivtoit Sinu lemmikule\",\"publisher\":{\"@id\":\"https:\/\/fendaf.ee\/ru\/#organization\"},\"potentialAction\":[{\"@type\":\"SearchAction\",\"target\":{\"@type\":\"EntryPoint\",\"urlTemplate\":\"https:\/\/fendaf.ee\/ru\/?s={search_term_string}\"},\"query-input\":{\"@type\":\"PropertyValueSpecification\",\"valueRequired\":true,\"valueName\":\"search_term_string\"}}],\"inLanguage\":\"ru-RU\"},{\"@type\":\"Organization\",\"@id\":\"https:\/\/fendaf.ee\/ru\/#organization\",\"name\":\"FendaF O\u00dc\",\"url\":\"https:\/\/fendaf.ee\/ru\/\",\"logo\":{\"@type\":\"ImageObject\",\"inLanguage\":\"ru-RU\",\"@id\":\"https:\/\/fendaf.ee\/ru\/#\/schema\/logo\/image\/\",\"url\":\"https:\/\/fendaf.ee\/wp-content\/uploads\/2020\/03\/Fendaf_logo_taustata.png\",\"contentUrl\":\"https:\/\/fendaf.ee\/wp-content\/uploads\/2020\/03\/Fendaf_logo_taustata.png\",\"width\":7262,\"height\":4799,\"caption\":\"FendaF O\u00dc\"},\"image\":{\"@id\":\"https:\/\/fendaf.ee\/ru\/#\/schema\/logo\/image\/\"},\"sameAs\":[\"https:\/\/www.facebook.com\/fendafmaius\/\",\"https:\/\/www.instagram.com\/fendaf.ee\/\",\"https:\/\/www.pinterest.com\/3a00893ff1d6c42bef9ee783f17b79\/\"]}]}<\/script>\n<!-- \/ Yoast SEO plugin. -->","yoast_head_json":{"title":"K\u00f5hu heaolu (600g) - FendaF - \u0414\u0443\u043c\u0430\u044f \u043e \u0442\u0432\u043e\u0435\u043c \u043f\u0438\u0442\u043e\u043c\u0446\u043e\u043c!!","description":"K\u00f5hu heaolu on looduslik abivahend k\u00f5hulahtisuse ja mao liigse happesuse korral. Lisaks aitab parandada seedetrakti tervist.","robots":{"index":"index","follow":"follow","max-snippet":"max-snippet:-1","max-image-preview":"max-image-preview:large","max-video-preview":"max-video-preview:-1"},"canonical":"https:\/\/fendaf.ee\/ru\/tovar\/kohu-heaolu-600g\/","og_locale":"ru_RU","og_type":"article","og_title":"K\u00f5hu heaolu (600g) - FendaF - \u0414\u0443\u043c\u0430\u044f \u043e \u0442\u0432\u043e\u0435\u043c \u043f\u0438\u0442\u043e\u043c\u0446\u043e\u043c!!","og_description":"K\u00f5hu heaolu on looduslik abivahend k\u00f5hulahtisuse ja mao liigse happesuse korral. Lisaks aitab parandada seedetrakti tervist.","og_url":"https:\/\/fendaf.ee\/ru\/tovar\/kohu-heaolu-600g\/","og_site_name":"FendaF - \u0414\u0443\u043c\u0430\u044f \u043e \u0442\u0432\u043e\u0435\u043c \u043f\u0438\u0442\u043e\u043c\u0446\u043e\u043c!!","article_publisher":"https:\/\/www.facebook.com\/fendafmaius\/","article_modified_time":"2026-04-09T15:00:14+00:00","og_image":[{"width":200,"height":267,"url":"https:\/\/fendaf.ee\/wp-content\/uploads\/2021\/03\/kohu-heaolu-e1762256669917.jpg","type":"image\/jpeg"}],"twitter_card":"summary_large_image","twitter_misc":{"\u041f\u0440\u0438\u043c\u0435\u0440\u043d\u043e\u0435 \u0432\u0440\u0435\u043c\u044f \u0434\u043b\u044f \u0447\u0442\u0435\u043d\u0438\u044f":"2 \u043c\u0438\u043d\u0443\u0442\u044b"},"schema":{"@context":"https:\/\/schema.org","@graph":[{"@type":["WebPage","ItemPage"],"@id":"https:\/\/fendaf.ee\/ru\/tovar\/kohu-heaolu-600g\/","url":"https:\/\/fendaf.ee\/ru\/tovar\/kohu-heaolu-600g\/","name":"K\u00f5hu heaolu (600g) - FendaF - \u0414\u0443\u043c\u0430\u044f \u043e \u0442\u0432\u043e\u0435\u043c \u043f\u0438\u0442\u043e\u043c\u0446\u043e\u043c!!","isPartOf":{"@id":"https:\/\/fendaf.ee\/ru\/#website"},"primaryImageOfPage":{"@id":"https:\/\/fendaf.ee\/ru\/tovar\/kohu-heaolu-600g\/#primaryimage"},"image":{"@id":"https:\/\/fendaf.ee\/ru\/tovar\/kohu-heaolu-600g\/#primaryimage"},"thumbnailUrl":"https:\/\/fendaf.ee\/wp-content\/uploads\/2021\/03\/kohu-heaolu-e1762256669917.jpg","datePublished":"2021-03-31T07:42:32+00:00","dateModified":"2026-04-09T15:00:14+00:00","description":"K\u00f5hu heaolu on looduslik abivahend k\u00f5hulahtisuse ja mao liigse happesuse korral. Lisaks aitab parandada seedetrakti tervist.","breadcrumb":{"@id":"https:\/\/fendaf.ee\/ru\/tovar\/kohu-heaolu-600g\/#breadcrumb"},"inLanguage":"ru-RU","potentialAction":[{"@type":"ReadAction","target":["https:\/\/fendaf.ee\/ru\/tovar\/kohu-heaolu-600g\/"]}]},{"@type":"ImageObject","inLanguage":"ru-RU","@id":"https:\/\/fendaf.ee\/ru\/tovar\/kohu-heaolu-600g\/#primaryimage","url":"https:\/\/fendaf.ee\/wp-content\/uploads\/2021\/03\/kohu-heaolu-e1762256669917.jpg","contentUrl":"https:\/\/fendaf.ee\/wp-content\/uploads\/2021\/03\/kohu-heaolu-e1762256669917.jpg","width":200,"height":267,"caption":"k\u00f5hu heaolu"},{"@type":"BreadcrumbList","@id":"https:\/\/fendaf.ee\/ru\/tovar\/kohu-heaolu-600g\/#breadcrumb","itemListElement":[{"@type":"ListItem","position":1,"name":"Home","item":"https:\/\/fendaf.ee\/ru\/"},{"@type":"ListItem","position":2,"name":"\u041c\u0430\u0433\u0430\u0437\u0438\u043d","item":"https:\/\/fendaf.ee\/ru\/shop\/"},{"@type":"ListItem","position":3,"name":"K\u00f5hu heaolu (600g)"}]},{"@type":"WebSite","@id":"https:\/\/fendaf.ee\/ru\/#website","url":"https:\/\/fendaf.ee\/ru\/","name":"FendaF - \u0414\u0443\u043c\u0430\u044f \u043e \u0442\u0432\u043e\u0435\u043c \u043f\u0438\u0442\u043e\u043c\u0446\u043e\u043c!!","description":"Maiused ja kvaliteetne kuivtoit Sinu lemmikule","publisher":{"@id":"https:\/\/fendaf.ee\/ru\/#organization"},"potentialAction":[{"@type":"SearchAction","target":{"@type":"EntryPoint","urlTemplate":"https:\/\/fendaf.ee\/ru\/?s={search_term_string}"},"query-input":{"@type":"PropertyValueSpecification","valueRequired":true,"valueName":"search_term_string"}}],"inLanguage":"ru-RU"},{"@type":"Organization","@id":"https:\/\/fendaf.ee\/ru\/#organization","name":"FendaF O\u00dc","url":"https:\/\/fendaf.ee\/ru\/","logo":{"@type":"ImageObject","inLanguage":"ru-RU","@id":"https:\/\/fendaf.ee\/ru\/#\/schema\/logo\/image\/","url":"https:\/\/fendaf.ee\/wp-content\/uploads\/2020\/03\/Fendaf_logo_taustata.png","contentUrl":"https:\/\/fendaf.ee\/wp-content\/uploads\/2020\/03\/Fendaf_logo_taustata.png","width":7262,"height":4799,"caption":"FendaF O\u00dc"},"image":{"@id":"https:\/\/fendaf.ee\/ru\/#\/schema\/logo\/image\/"},"sameAs":["https:\/\/www.facebook.com\/fendafmaius\/","https:\/\/www.instagram.com\/fendaf.ee\/","https:\/\/www.pinterest.com\/3a00893ff1d6c42bef9ee783f17b79\/"]}]}},"jetpack_sharing_enabled":true,"_links":{"self":[{"href":"https:\/\/fendaf.ee\/ru\/wp-json\/wp\/v2\/product\/174766","targetHints":{"allow":["GET"]}}],"collection":[{"href":"https:\/\/fendaf.ee\/ru\/wp-json\/wp\/v2\/product"}],"about":[{"href":"https:\/\/fendaf.ee\/ru\/wp-json\/wp\/v2\/types\/product"}],"replies":[{"embeddable":true,"href":"https:\/\/fendaf.ee\/ru\/wp-json\/wp\/v2\/comments?post=174766"}],"wp:featuredmedia":[{"embeddable":true,"href":"https:\/\/fendaf.ee\/ru\/wp-json\/wp\/v2\/media\/186002"}],"wp:attachment":[{"href":"https:\/\/fendaf.ee\/ru\/wp-json\/wp\/v2\/media?parent=174766"}],"wp:term":[{"taxonomy":"product_brand","embeddable":true,"href":"https:\/\/fendaf.ee\/ru\/wp-json\/wp\/v2\/product_brand?post=174766"},{"taxonomy":"product_cat","embeddable":true,"href":"https:\/\/fendaf.ee\/ru\/wp-json\/wp\/v2\/product_cat?post=174766"},{"taxonomy":"product_tag","embeddable":true,"href":"https:\/\/fendaf.ee\/ru\/wp-json\/wp\/v2\/product_tag?post=174766"}],"curies":[{"name":"wp","href":"https:\/\/api.w.org\/{rel}","templated":true}]}}