{"id":178600,"date":"2022-10-07T14:47:54","date_gmt":"2022-10-07T11:47:54","guid":{"rendered":"https:\/\/fendaf.ee\/?post_type=product&#038;p=178600"},"modified":"2024-07-24T17:25:51","modified_gmt":"2024-07-24T14:25:51","slug":"ma-armastan-oma-sokid-koeraomanikule","status":"publish","type":"product","link":"https:\/\/fendaf.ee\/ru\/tovar\/ma-armastan-oma-sokid-koeraomanikule\/","title":{"rendered":"Ma armastan oma &#8230; sokid"},"content":{"rendered":"<p>Sokkidel armas beagle, yorkshire terjer v\u00f5i borderkolli, k\u00e4paj\u00e4ljed ja kiri vastava t\u00f5uga &#171;I LOVE MY &#8230;.&#187;.<\/p>\n<p>V\u00e4rvid: beagle &#8212; must, yorkshire terjer &#8212; oran\u017e, border collie &#8212; roosa ja helesinine<\/p>\n<p>Koostis: 85% puuvill, 10% pol\u00fcamiid, 5% elastaan<\/p>\n<p>Suurus: 36-40<\/p>\n<p>Suurema valiku sokke leiad Sokisahtel O\u00dc e-poest aadressilt <a href=\"https:\/\/www.sokisahtel.net\/et\/kollektsioonid\/loomad\/koerasokid?product_list_limit=36\">www.sokisahtel.net<\/a>.<\/p>\n","protected":false},"excerpt":{"rendered":"<p>Sokkidel armas beagle, yorkshire terjer v\u00f5i borderkolli, k\u00e4paj\u00e4ljed ja kiri vastava t\u00f5uga &#171;I LOVE MY &#8230;.&#187;. V\u00e4rvid: beagle &#8212; must, yorkshire terjer &#8212; oran\u017e, border collie &#8212; roosa ja helesinine Koostis: 85% puuvill, 10% pol\u00fcamiid, 5% elastaan Suurus: 36-40 Suurema valiku sokke leiad Sokisahtel O\u00dc e-poest aadressilt www.sokisahtel.net.<\/p>\n","protected":false},"featured_media":178601,"comment_status":"open","ping_status":"closed","template":"","meta":{"_acf_changed":false},"product_brand":[],"product_cat":[598],"product_tag":[],"class_list":{"0":"post-178600","1":"product","2":"type-product","3":"status-publish","4":"has-post-thumbnail","6":"product_cat-sokid_koeraomanikule","7":"wcpa_has_options","9":"first","10":"instock","11":"taxable","12":"shipping-taxable","13":"purchasable","14":"product-type-simple"},"acf":[],"yoast_head":"<!-- This site is optimized with the Yoast SEO plugin v27.0 - https:\/\/yoast.com\/product\/yoast-seo-wordpress\/ -->\n<title>Ma armastan oma ... sokid - FendaF - \u0414\u0443\u043c\u0430\u044f \u043e \u0442\u0432\u043e\u0435\u043c \u043f\u0438\u0442\u043e\u043c\u0446\u043e\u043c!!<\/title>\n<meta name=\"robots\" content=\"index, follow, max-snippet:-1, max-image-preview:large, max-video-preview:-1\" \/>\n<link rel=\"canonical\" href=\"https:\/\/fendaf.ee\/ru\/tovar\/ma-armastan-oma-sokid-koeraomanikule\/\" \/>\n<meta property=\"og:locale\" content=\"ru_RU\" \/>\n<meta property=\"og:type\" content=\"article\" \/>\n<meta property=\"og:title\" content=\"Ma armastan oma ... sokid - FendaF - \u0414\u0443\u043c\u0430\u044f \u043e \u0442\u0432\u043e\u0435\u043c \u043f\u0438\u0442\u043e\u043c\u0446\u043e\u043c!!\" \/>\n<meta property=\"og:description\" content=\"Sokkidel armas beagle, yorkshire terjer v\u00f5i borderkolli, k\u00e4paj\u00e4ljed ja kiri vastava t\u00f5uga &#171;I LOVE MY &#8230;.&#187;. V\u00e4rvid: beagle &#8212; must, yorkshire terjer &#8212; oran\u017e, border collie &#8212; roosa ja helesinine Koostis: 85% puuvill, 10% pol\u00fcamiid, 5% elastaan Suurus: 36-40 Suurema valiku sokke leiad Sokisahtel O\u00dc e-poest aadressilt www.sokisahtel.net.\" \/>\n<meta property=\"og:url\" content=\"https:\/\/fendaf.ee\/ru\/tovar\/ma-armastan-oma-sokid-koeraomanikule\/\" \/>\n<meta property=\"og:site_name\" content=\"FendaF - \u0414\u0443\u043c\u0430\u044f \u043e \u0442\u0432\u043e\u0435\u043c \u043f\u0438\u0442\u043e\u043c\u0446\u043e\u043c!!\" \/>\n<meta property=\"article:publisher\" content=\"https:\/\/www.facebook.com\/fendafmaius\/\" \/>\n<meta property=\"article:modified_time\" content=\"2024-07-24T14:25:51+00:00\" \/>\n<meta property=\"og:image\" content=\"https:\/\/fendaf.ee\/wp-content\/uploads\/2022\/10\/IMG_2393-min-scaled-e1665143233714.jpg\" \/>\n\t<meta property=\"og:image:width\" content=\"1300\" \/>\n\t<meta property=\"og:image:height\" content=\"1733\" \/>\n\t<meta property=\"og:image:type\" content=\"image\/jpeg\" \/>\n<meta name=\"twitter:card\" content=\"summary_large_image\" \/>\n<meta name=\"twitter:label1\" content=\"\u041f\u0440\u0438\u043c\u0435\u0440\u043d\u043e\u0435 \u0432\u0440\u0435\u043c\u044f \u0434\u043b\u044f \u0447\u0442\u0435\u043d\u0438\u044f\" \/>\n\t<meta name=\"twitter:data1\" content=\"1 \u043c\u0438\u043d\u0443\u0442\u0430\" \/>\n<script type=\"application\/ld+json\" class=\"yoast-schema-graph\">{\"@context\":\"https:\/\/schema.org\",\"@graph\":[{\"@type\":[\"WebPage\",\"ItemPage\"],\"@id\":\"https:\/\/fendaf.ee\/ru\/tovar\/ma-armastan-oma-sokid-koeraomanikule\/\",\"url\":\"https:\/\/fendaf.ee\/ru\/tovar\/ma-armastan-oma-sokid-koeraomanikule\/\",\"name\":\"Ma armastan oma ... sokid - FendaF - \u0414\u0443\u043c\u0430\u044f \u043e \u0442\u0432\u043e\u0435\u043c \u043f\u0438\u0442\u043e\u043c\u0446\u043e\u043c!!\",\"isPartOf\":{\"@id\":\"https:\/\/fendaf.ee\/ru\/#website\"},\"primaryImageOfPage\":{\"@id\":\"https:\/\/fendaf.ee\/ru\/tovar\/ma-armastan-oma-sokid-koeraomanikule\/#primaryimage\"},\"image\":{\"@id\":\"https:\/\/fendaf.ee\/ru\/tovar\/ma-armastan-oma-sokid-koeraomanikule\/#primaryimage\"},\"thumbnailUrl\":\"https:\/\/fendaf.ee\/wp-content\/uploads\/2022\/10\/IMG_2393-min-scaled-e1665143233714.jpg\",\"datePublished\":\"2022-10-07T11:47:54+00:00\",\"dateModified\":\"2024-07-24T14:25:51+00:00\",\"breadcrumb\":{\"@id\":\"https:\/\/fendaf.ee\/ru\/tovar\/ma-armastan-oma-sokid-koeraomanikule\/#breadcrumb\"},\"inLanguage\":\"ru-RU\",\"potentialAction\":[{\"@type\":\"ReadAction\",\"target\":[\"https:\/\/fendaf.ee\/ru\/tovar\/ma-armastan-oma-sokid-koeraomanikule\/\"]}]},{\"@type\":\"ImageObject\",\"inLanguage\":\"ru-RU\",\"@id\":\"https:\/\/fendaf.ee\/ru\/tovar\/ma-armastan-oma-sokid-koeraomanikule\/#primaryimage\",\"url\":\"https:\/\/fendaf.ee\/wp-content\/uploads\/2022\/10\/IMG_2393-min-scaled-e1665143233714.jpg\",\"contentUrl\":\"https:\/\/fendaf.ee\/wp-content\/uploads\/2022\/10\/IMG_2393-min-scaled-e1665143233714.jpg\",\"width\":1300,\"height\":1733,\"caption\":\"beagle border yorkie\"},{\"@type\":\"BreadcrumbList\",\"@id\":\"https:\/\/fendaf.ee\/ru\/tovar\/ma-armastan-oma-sokid-koeraomanikule\/#breadcrumb\",\"itemListElement\":[{\"@type\":\"ListItem\",\"position\":1,\"name\":\"Home\",\"item\":\"https:\/\/fendaf.ee\/ru\/\"},{\"@type\":\"ListItem\",\"position\":2,\"name\":\"\u041c\u0430\u0433\u0430\u0437\u0438\u043d\",\"item\":\"https:\/\/fendaf.ee\/ru\/shop\/\"},{\"@type\":\"ListItem\",\"position\":3,\"name\":\"Ma armastan oma &#8230; sokid\"}]},{\"@type\":\"WebSite\",\"@id\":\"https:\/\/fendaf.ee\/ru\/#website\",\"url\":\"https:\/\/fendaf.ee\/ru\/\",\"name\":\"FendaF - \u0414\u0443\u043c\u0430\u044f \u043e \u0442\u0432\u043e\u0435\u043c \u043f\u0438\u0442\u043e\u043c\u0446\u043e\u043c!!\",\"description\":\"Maiused ja kvaliteetne kuivtoit Sinu lemmikule\",\"publisher\":{\"@id\":\"https:\/\/fendaf.ee\/ru\/#organization\"},\"potentialAction\":[{\"@type\":\"SearchAction\",\"target\":{\"@type\":\"EntryPoint\",\"urlTemplate\":\"https:\/\/fendaf.ee\/ru\/?s={search_term_string}\"},\"query-input\":{\"@type\":\"PropertyValueSpecification\",\"valueRequired\":true,\"valueName\":\"search_term_string\"}}],\"inLanguage\":\"ru-RU\"},{\"@type\":\"Organization\",\"@id\":\"https:\/\/fendaf.ee\/ru\/#organization\",\"name\":\"FendaF O\u00dc\",\"url\":\"https:\/\/fendaf.ee\/ru\/\",\"logo\":{\"@type\":\"ImageObject\",\"inLanguage\":\"ru-RU\",\"@id\":\"https:\/\/fendaf.ee\/ru\/#\/schema\/logo\/image\/\",\"url\":\"https:\/\/fendaf.ee\/wp-content\/uploads\/2020\/03\/Fendaf_logo_taustata.png\",\"contentUrl\":\"https:\/\/fendaf.ee\/wp-content\/uploads\/2020\/03\/Fendaf_logo_taustata.png\",\"width\":7262,\"height\":4799,\"caption\":\"FendaF O\u00dc\"},\"image\":{\"@id\":\"https:\/\/fendaf.ee\/ru\/#\/schema\/logo\/image\/\"},\"sameAs\":[\"https:\/\/www.facebook.com\/fendafmaius\/\",\"https:\/\/www.instagram.com\/fendaf.ee\/\",\"https:\/\/www.pinterest.com\/3a00893ff1d6c42bef9ee783f17b79\/\"]}]}<\/script>\n<!-- \/ Yoast SEO plugin. -->","yoast_head_json":{"title":"Ma armastan oma ... sokid - FendaF - \u0414\u0443\u043c\u0430\u044f \u043e \u0442\u0432\u043e\u0435\u043c \u043f\u0438\u0442\u043e\u043c\u0446\u043e\u043c!!","robots":{"index":"index","follow":"follow","max-snippet":"max-snippet:-1","max-image-preview":"max-image-preview:large","max-video-preview":"max-video-preview:-1"},"canonical":"https:\/\/fendaf.ee\/ru\/tovar\/ma-armastan-oma-sokid-koeraomanikule\/","og_locale":"ru_RU","og_type":"article","og_title":"Ma armastan oma ... sokid - FendaF - \u0414\u0443\u043c\u0430\u044f \u043e \u0442\u0432\u043e\u0435\u043c \u043f\u0438\u0442\u043e\u043c\u0446\u043e\u043c!!","og_description":"Sokkidel armas beagle, yorkshire terjer v\u00f5i borderkolli, k\u00e4paj\u00e4ljed ja kiri vastava t\u00f5uga &#171;I LOVE MY &#8230;.&#187;. V\u00e4rvid: beagle &#8212; must, yorkshire terjer &#8212; oran\u017e, border collie &#8212; roosa ja helesinine Koostis: 85% puuvill, 10% pol\u00fcamiid, 5% elastaan Suurus: 36-40 Suurema valiku sokke leiad Sokisahtel O\u00dc e-poest aadressilt www.sokisahtel.net.","og_url":"https:\/\/fendaf.ee\/ru\/tovar\/ma-armastan-oma-sokid-koeraomanikule\/","og_site_name":"FendaF - \u0414\u0443\u043c\u0430\u044f \u043e \u0442\u0432\u043e\u0435\u043c \u043f\u0438\u0442\u043e\u043c\u0446\u043e\u043c!!","article_publisher":"https:\/\/www.facebook.com\/fendafmaius\/","article_modified_time":"2024-07-24T14:25:51+00:00","og_image":[{"width":1300,"height":1733,"url":"https:\/\/fendaf.ee\/wp-content\/uploads\/2022\/10\/IMG_2393-min-scaled-e1665143233714.jpg","type":"image\/jpeg"}],"twitter_card":"summary_large_image","twitter_misc":{"\u041f\u0440\u0438\u043c\u0435\u0440\u043d\u043e\u0435 \u0432\u0440\u0435\u043c\u044f \u0434\u043b\u044f \u0447\u0442\u0435\u043d\u0438\u044f":"1 \u043c\u0438\u043d\u0443\u0442\u0430"},"schema":{"@context":"https:\/\/schema.org","@graph":[{"@type":["WebPage","ItemPage"],"@id":"https:\/\/fendaf.ee\/ru\/tovar\/ma-armastan-oma-sokid-koeraomanikule\/","url":"https:\/\/fendaf.ee\/ru\/tovar\/ma-armastan-oma-sokid-koeraomanikule\/","name":"Ma armastan oma ... sokid - FendaF - \u0414\u0443\u043c\u0430\u044f \u043e \u0442\u0432\u043e\u0435\u043c \u043f\u0438\u0442\u043e\u043c\u0446\u043e\u043c!!","isPartOf":{"@id":"https:\/\/fendaf.ee\/ru\/#website"},"primaryImageOfPage":{"@id":"https:\/\/fendaf.ee\/ru\/tovar\/ma-armastan-oma-sokid-koeraomanikule\/#primaryimage"},"image":{"@id":"https:\/\/fendaf.ee\/ru\/tovar\/ma-armastan-oma-sokid-koeraomanikule\/#primaryimage"},"thumbnailUrl":"https:\/\/fendaf.ee\/wp-content\/uploads\/2022\/10\/IMG_2393-min-scaled-e1665143233714.jpg","datePublished":"2022-10-07T11:47:54+00:00","dateModified":"2024-07-24T14:25:51+00:00","breadcrumb":{"@id":"https:\/\/fendaf.ee\/ru\/tovar\/ma-armastan-oma-sokid-koeraomanikule\/#breadcrumb"},"inLanguage":"ru-RU","potentialAction":[{"@type":"ReadAction","target":["https:\/\/fendaf.ee\/ru\/tovar\/ma-armastan-oma-sokid-koeraomanikule\/"]}]},{"@type":"ImageObject","inLanguage":"ru-RU","@id":"https:\/\/fendaf.ee\/ru\/tovar\/ma-armastan-oma-sokid-koeraomanikule\/#primaryimage","url":"https:\/\/fendaf.ee\/wp-content\/uploads\/2022\/10\/IMG_2393-min-scaled-e1665143233714.jpg","contentUrl":"https:\/\/fendaf.ee\/wp-content\/uploads\/2022\/10\/IMG_2393-min-scaled-e1665143233714.jpg","width":1300,"height":1733,"caption":"beagle border yorkie"},{"@type":"BreadcrumbList","@id":"https:\/\/fendaf.ee\/ru\/tovar\/ma-armastan-oma-sokid-koeraomanikule\/#breadcrumb","itemListElement":[{"@type":"ListItem","position":1,"name":"Home","item":"https:\/\/fendaf.ee\/ru\/"},{"@type":"ListItem","position":2,"name":"\u041c\u0430\u0433\u0430\u0437\u0438\u043d","item":"https:\/\/fendaf.ee\/ru\/shop\/"},{"@type":"ListItem","position":3,"name":"Ma armastan oma &#8230; sokid"}]},{"@type":"WebSite","@id":"https:\/\/fendaf.ee\/ru\/#website","url":"https:\/\/fendaf.ee\/ru\/","name":"FendaF - \u0414\u0443\u043c\u0430\u044f \u043e \u0442\u0432\u043e\u0435\u043c \u043f\u0438\u0442\u043e\u043c\u0446\u043e\u043c!!","description":"Maiused ja kvaliteetne kuivtoit Sinu lemmikule","publisher":{"@id":"https:\/\/fendaf.ee\/ru\/#organization"},"potentialAction":[{"@type":"SearchAction","target":{"@type":"EntryPoint","urlTemplate":"https:\/\/fendaf.ee\/ru\/?s={search_term_string}"},"query-input":{"@type":"PropertyValueSpecification","valueRequired":true,"valueName":"search_term_string"}}],"inLanguage":"ru-RU"},{"@type":"Organization","@id":"https:\/\/fendaf.ee\/ru\/#organization","name":"FendaF O\u00dc","url":"https:\/\/fendaf.ee\/ru\/","logo":{"@type":"ImageObject","inLanguage":"ru-RU","@id":"https:\/\/fendaf.ee\/ru\/#\/schema\/logo\/image\/","url":"https:\/\/fendaf.ee\/wp-content\/uploads\/2020\/03\/Fendaf_logo_taustata.png","contentUrl":"https:\/\/fendaf.ee\/wp-content\/uploads\/2020\/03\/Fendaf_logo_taustata.png","width":7262,"height":4799,"caption":"FendaF O\u00dc"},"image":{"@id":"https:\/\/fendaf.ee\/ru\/#\/schema\/logo\/image\/"},"sameAs":["https:\/\/www.facebook.com\/fendafmaius\/","https:\/\/www.instagram.com\/fendaf.ee\/","https:\/\/www.pinterest.com\/3a00893ff1d6c42bef9ee783f17b79\/"]}]}},"jetpack_sharing_enabled":true,"_links":{"self":[{"href":"https:\/\/fendaf.ee\/ru\/wp-json\/wp\/v2\/product\/178600","targetHints":{"allow":["GET"]}}],"collection":[{"href":"https:\/\/fendaf.ee\/ru\/wp-json\/wp\/v2\/product"}],"about":[{"href":"https:\/\/fendaf.ee\/ru\/wp-json\/wp\/v2\/types\/product"}],"replies":[{"embeddable":true,"href":"https:\/\/fendaf.ee\/ru\/wp-json\/wp\/v2\/comments?post=178600"}],"wp:featuredmedia":[{"embeddable":true,"href":"https:\/\/fendaf.ee\/ru\/wp-json\/wp\/v2\/media\/178601"}],"wp:attachment":[{"href":"https:\/\/fendaf.ee\/ru\/wp-json\/wp\/v2\/media?parent=178600"}],"wp:term":[{"taxonomy":"product_brand","embeddable":true,"href":"https:\/\/fendaf.ee\/ru\/wp-json\/wp\/v2\/product_brand?post=178600"},{"taxonomy":"product_cat","embeddable":true,"href":"https:\/\/fendaf.ee\/ru\/wp-json\/wp\/v2\/product_cat?post=178600"},{"taxonomy":"product_tag","embeddable":true,"href":"https:\/\/fendaf.ee\/ru\/wp-json\/wp\/v2\/product_tag?post=178600"}],"curies":[{"name":"wp","href":"https:\/\/api.w.org\/{rel}","templated":true}]}}